{"id":1081,"date":"2025-07-03T13:57:51","date_gmt":"2025-07-03T13:57:51","guid":{"rendered":"https:\/\/trigger.agency\/clients\/beach\/homepage\/"},"modified":"2026-02-27T20:41:45","modified_gmt":"2026-02-27T20:41:45","slug":"homepage","status":"publish","type":"page","link":"https:\/\/www.beachfrontibiza.com\/de\/","title":{"rendered":"Startseite"},"content":{"rendered":"<div class=\"wpb-content-wrapper\"><p>[vc_row][vc_column]<section class=\"beach-video\"><div class=\"beach-video-inner\"><video width=\"100%\" autoplay loop muted playsinline><source src=\"https:\/\/www.beachfrontibiza.com\/wp-content\/uploads\/2025\/11\/Beachfront-Banner-Dark-1080p.mp4\" type=\"video\/mp4\" \/><\/video><\/div><\/section>[\/vc_column][\/vc_row][vc_row][vc_column][vc_separator]<section class=\"beach-image-text\"><div class=\"beach-image-text-inner\"><div class=\"content direct-order\"><div class=\"texts\"><div class=\"texts-inner\"><h4 class=\"subtitle\">Vermietung<\/h4><h2 class=\"title\">Ausgew\u00e4hlte Mietobjekte<\/h2><a href=\"https:\/\/www.beachfrontibiza.com\/de\/rentals\/\" class=\"read-more\">FIND OUT MORE<\/a><\/div><\/div><div class=\"bg-image\" style=\"background-image: url(https:\/\/www.beachfrontibiza.com\/wp-content\/uploads\/2025\/12\/WhatsApp-Image-2025-12-19-at-13.31.55.jpeg)\"><\/div><\/div><\/div><\/section>[\/vc_column][\/vc_row][vc_row][vc_column]<section class=\"beach-image-text\"><div class=\"beach-image-text-inner\"><div class=\"content reverse_order\"><div class=\"texts\"><div class=\"texts-inner\"><h4 class=\"subtitle\">Verkauf<\/h4><h2 class=\"title\">LUXUS IMMOBILIEN ZUM VERKAUF<\/h2><a href=\"https:\/\/www.beachfrontibiza.com\/de\/sales\/\" class=\"read-more\">VIEW PROPERTIES<\/a><\/div><\/div><div class=\"bg-image\" style=\"background-image: url(https:\/\/www.beachfrontibiza.com\/wp-content\/uploads\/2025\/12\/DJI_0970.jpg)\"><\/div><\/div><\/div><\/section>[\/vc_column][\/vc_row][vc_row][vc_column]<section class=\"beach-image-text\"><div class=\"beach-image-text-inner\"><div class=\"content direct-order\"><div class=\"texts\"><div class=\"texts-inner\"><h4 class=\"subtitle\">ENTWICKLUNG<\/h4><h2 class=\"title\">IBIZA IMMOBILIEN ENTWICKLUNG UND PROJEKT VERWALTUNG<\/h2><a href=\"https:\/\/www.beachfrontibiza.com\/de\/development\/\" class=\"read-more\">VIEW PROPERTIES<\/a><\/div><\/div><div class=\"bg-image\" style=\"background-image: url(https:\/\/www.beachfrontibiza.com\/wp-content\/uploads\/2025\/12\/DJI_0531.jpg)\"><\/div><\/div><\/div><\/section>[vc_empty_space][\/vc_column][\/vc_row][vc_row][vc_column]<section class=\"beach-text-two-columns\"><div class=\"beach-text-two-columns-inner\"><div class=\"container\"><div class=\"content reverse-order\"><div class=\"text-1\">H\u00e4user die auf den zeitgem\u00e4\u00dfen Lebensstil unserer internationalen und anspruchsvollen Klientel zugeschnitten sind.<\/div><div class=\"text-2\">Beachfront Ibiza ist ein <em>erfahrenes Luxusimmobilien Entwicklungsunternehmen<\/em>, das auf erstklassige Immobilienprojekte auf Ibiza spezialisiert ist.<\/div><\/div><\/div><\/div><\/section>[\/vc_column][\/vc_row][vc_row][vc_column]<section class=\"beach-image-action\"><div class=\"beach-image-action-inner\"><div class=\"container\"><div class=\"content\" style=\"background-color: \"><div class=\"bg-image\" style=\"background-image: url(https:\/\/www.beachfrontibiza.com\/wp-content\/uploads\/2025\/07\/can-orvay.jpg)\"><\/div><h2 class=\"title\">THE BEACHFRONT<br \/>\nSTORY<\/h2><div class=\"description\"><\/div><a href=\"https:\/\/www.beachfrontibiza.com\/de\/about\/\" class=\"read-more\">Read more<\/a><div class=\"sell-trigger-btn btn-popup\">Want to sell?<\/div><\/div><\/div><\/div><\/section>[\/vc_column][\/vc_row]<\/p>\n<\/div>","protected":false},"excerpt":{"rendered":"<p>[vc_row][vc_column][\/vc_column][\/vc_row][vc_row][vc_column][vc_separator][\/vc_column][\/vc_row][vc_row][vc_column][\/vc_column][\/vc_row][vc_row][vc_column][vc_empty_space][\/vc_column][\/vc_row][vc_row][vc_column][\/vc_column][\/vc_row][vc_row][vc_column][\/vc_column][\/vc_row]<\/p>\n","protected":false},"author":1,"featured_media":0,"parent":0,"menu_order":23,"comment_status":"closed","ping_status":"closed","template":"","meta":{"inline_featured_image":false,"footnotes":""},"class_list":["post-1081","page","type-page","status-publish","hentry"],"acf":[],"yoast_head":"<!-- This site is optimized with the Yoast SEO plugin v27.4 - https:\/\/yoast.com\/product\/yoast-seo-wordpress\/ -->\n<title>Startseite - Beachfront Ibiza<\/title>\n<meta name=\"robots\" content=\"index, follow, max-snippet:-1, max-image-preview:large, max-video-preview:-1\" \/>\n<link rel=\"canonical\" href=\"https:\/\/www.beachfrontibiza.com\/de\/homepage\/\" \/>\n<meta property=\"og:locale\" content=\"de_DE\" \/>\n<meta property=\"og:type\" content=\"article\" \/>\n<meta property=\"og:title\" content=\"Startseite - Beachfront Ibiza\" \/>\n<meta property=\"og:description\" content=\"[vc_row][vc_column][\/vc_column][\/vc_row][vc_row][vc_column][vc_separator][\/vc_column][\/vc_row][vc_row][vc_column][\/vc_column][\/vc_row][vc_row][vc_column][vc_empty_space][\/vc_column][\/vc_row][vc_row][vc_column][\/vc_column][\/vc_row][vc_row][vc_column][\/vc_column][\/vc_row]\" \/>\n<meta property=\"og:url\" content=\"https:\/\/www.beachfrontibiza.com\/de\/homepage\/\" \/>\n<meta property=\"og:site_name\" content=\"Beachfront Ibiza\" \/>\n<meta property=\"article:publisher\" content=\"https:\/\/facebook.com\/beachfrontibiza\" \/>\n<meta property=\"article:modified_time\" content=\"2026-02-27T20:41:45+00:00\" \/>\n<meta property=\"og:image\" content=\"https:\/\/www.beachfrontibiza.com\/wp-content\/uploads\/2026\/03\/logo.png\" \/>\n\t<meta property=\"og:image:width\" content=\"512\" \/>\n\t<meta property=\"og:image:height\" content=\"512\" \/>\n\t<meta property=\"og:image:type\" content=\"image\/png\" \/>\n<meta name=\"twitter:card\" content=\"summary_large_image\" \/>\n<meta name=\"twitter:label1\" content=\"Gesch\u00e4tzte Lesezeit\" \/>\n\t<meta name=\"twitter:data1\" content=\"1\u00a0Minute\" \/>\n<script type=\"application\/ld+json\" class=\"yoast-schema-graph\">{\"@context\":\"https:\\\/\\\/schema.org\",\"@graph\":[{\"@type\":\"WebPage\",\"@id\":\"https:\\\/\\\/www.beachfrontibiza.com\\\/de\\\/homepage\\\/\",\"url\":\"https:\\\/\\\/www.beachfrontibiza.com\\\/de\\\/homepage\\\/\",\"name\":\"Startseite - Beachfront Ibiza\",\"isPartOf\":{\"@id\":\"https:\\\/\\\/www.beachfrontibiza.com\\\/#website\"},\"datePublished\":\"2025-07-03T13:57:51+00:00\",\"dateModified\":\"2026-02-27T20:41:45+00:00\",\"breadcrumb\":{\"@id\":\"https:\\\/\\\/www.beachfrontibiza.com\\\/de\\\/homepage\\\/#breadcrumb\"},\"inLanguage\":\"de\",\"potentialAction\":[{\"@type\":\"ReadAction\",\"target\":[\"https:\\\/\\\/www.beachfrontibiza.com\\\/de\\\/homepage\\\/\"]}]},{\"@type\":\"BreadcrumbList\",\"@id\":\"https:\\\/\\\/www.beachfrontibiza.com\\\/de\\\/homepage\\\/#breadcrumb\",\"itemListElement\":[{\"@type\":\"ListItem\",\"position\":1,\"name\":\"Home\",\"item\":\"https:\\\/\\\/www.beachfrontibiza.com\\\/de\\\/homepage\\\/\"},{\"@type\":\"ListItem\",\"position\":2,\"name\":\"Startseite\"}]},{\"@type\":\"WebSite\",\"@id\":\"https:\\\/\\\/www.beachfrontibiza.com\\\/#website\",\"url\":\"https:\\\/\\\/www.beachfrontibiza.com\\\/\",\"name\":\"Beachfront Ibiza\",\"description\":\"real estate ibiza\",\"publisher\":{\"@id\":\"https:\\\/\\\/www.beachfrontibiza.com\\\/#organization\"},\"alternateName\":\"b\",\"potentialAction\":[{\"@type\":\"SearchAction\",\"target\":{\"@type\":\"EntryPoint\",\"urlTemplate\":\"https:\\\/\\\/www.beachfrontibiza.com\\\/?s={search_term_string}\"},\"query-input\":{\"@type\":\"PropertyValueSpecification\",\"valueRequired\":true,\"valueName\":\"search_term_string\"}}],\"inLanguage\":\"de\"},{\"@type\":\"Organization\",\"@id\":\"https:\\\/\\\/www.beachfrontibiza.com\\\/#organization\",\"name\":\"Beachfront Ibiza\",\"url\":\"https:\\\/\\\/www.beachfrontibiza.com\\\/\",\"logo\":{\"@type\":\"ImageObject\",\"inLanguage\":\"de\",\"@id\":\"https:\\\/\\\/www.beachfrontibiza.com\\\/#\\\/schema\\\/logo\\\/image\\\/\",\"url\":\"https:\\\/\\\/www.beachfrontibiza.com\\\/wp-content\\\/uploads\\\/2026\\\/03\\\/logo.png\",\"contentUrl\":\"https:\\\/\\\/www.beachfrontibiza.com\\\/wp-content\\\/uploads\\\/2026\\\/03\\\/logo.png\",\"width\":512,\"height\":512,\"caption\":\"Beachfront Ibiza\"},\"image\":{\"@id\":\"https:\\\/\\\/www.beachfrontibiza.com\\\/#\\\/schema\\\/logo\\\/image\\\/\"},\"sameAs\":[\"https:\\\/\\\/facebook.com\\\/beachfrontibiza\",\"https:\\\/\\\/www.instagram.com\\\/beachfront_ibiza\\\/\",\"https:\\\/\\\/uk.pinterest.com\\\/beachfrontibiza\\\/_created\\\/\",\"https:\\\/\\\/www.tiktok.com\\\/@beachfront.ibiza?lang=en\"]}]}<\/script>\n<!-- \/ Yoast SEO plugin. -->","yoast_head_json":{"title":"Startseite - Beachfront Ibiza","robots":{"index":"index","follow":"follow","max-snippet":"max-snippet:-1","max-image-preview":"max-image-preview:large","max-video-preview":"max-video-preview:-1"},"canonical":"https:\/\/www.beachfrontibiza.com\/de\/homepage\/","og_locale":"de_DE","og_type":"article","og_title":"Startseite - Beachfront Ibiza","og_description":"[vc_row][vc_column][\/vc_column][\/vc_row][vc_row][vc_column][vc_separator][\/vc_column][\/vc_row][vc_row][vc_column][\/vc_column][\/vc_row][vc_row][vc_column][vc_empty_space][\/vc_column][\/vc_row][vc_row][vc_column][\/vc_column][\/vc_row][vc_row][vc_column][\/vc_column][\/vc_row]","og_url":"https:\/\/www.beachfrontibiza.com\/de\/homepage\/","og_site_name":"Beachfront Ibiza","article_publisher":"https:\/\/facebook.com\/beachfrontibiza","article_modified_time":"2026-02-27T20:41:45+00:00","og_image":[{"width":512,"height":512,"url":"https:\/\/www.beachfrontibiza.com\/wp-content\/uploads\/2026\/03\/logo.png","type":"image\/png"}],"twitter_card":"summary_large_image","twitter_misc":{"Gesch\u00e4tzte Lesezeit":"1\u00a0Minute"},"schema":{"@context":"https:\/\/schema.org","@graph":[{"@type":"WebPage","@id":"https:\/\/www.beachfrontibiza.com\/de\/homepage\/","url":"https:\/\/www.beachfrontibiza.com\/de\/homepage\/","name":"Startseite - Beachfront Ibiza","isPartOf":{"@id":"https:\/\/www.beachfrontibiza.com\/#website"},"datePublished":"2025-07-03T13:57:51+00:00","dateModified":"2026-02-27T20:41:45+00:00","breadcrumb":{"@id":"https:\/\/www.beachfrontibiza.com\/de\/homepage\/#breadcrumb"},"inLanguage":"de","potentialAction":[{"@type":"ReadAction","target":["https:\/\/www.beachfrontibiza.com\/de\/homepage\/"]}]},{"@type":"BreadcrumbList","@id":"https:\/\/www.beachfrontibiza.com\/de\/homepage\/#breadcrumb","itemListElement":[{"@type":"ListItem","position":1,"name":"Home","item":"https:\/\/www.beachfrontibiza.com\/de\/homepage\/"},{"@type":"ListItem","position":2,"name":"Startseite"}]},{"@type":"WebSite","@id":"https:\/\/www.beachfrontibiza.com\/#website","url":"https:\/\/www.beachfrontibiza.com\/","name":"Beachfront Ibiza","description":"real estate ibiza","publisher":{"@id":"https:\/\/www.beachfrontibiza.com\/#organization"},"alternateName":"b","potentialAction":[{"@type":"SearchAction","target":{"@type":"EntryPoint","urlTemplate":"https:\/\/www.beachfrontibiza.com\/?s={search_term_string}"},"query-input":{"@type":"PropertyValueSpecification","valueRequired":true,"valueName":"search_term_string"}}],"inLanguage":"de"},{"@type":"Organization","@id":"https:\/\/www.beachfrontibiza.com\/#organization","name":"Beachfront Ibiza","url":"https:\/\/www.beachfrontibiza.com\/","logo":{"@type":"ImageObject","inLanguage":"de","@id":"https:\/\/www.beachfrontibiza.com\/#\/schema\/logo\/image\/","url":"https:\/\/www.beachfrontibiza.com\/wp-content\/uploads\/2026\/03\/logo.png","contentUrl":"https:\/\/www.beachfrontibiza.com\/wp-content\/uploads\/2026\/03\/logo.png","width":512,"height":512,"caption":"Beachfront Ibiza"},"image":{"@id":"https:\/\/www.beachfrontibiza.com\/#\/schema\/logo\/image\/"},"sameAs":["https:\/\/facebook.com\/beachfrontibiza","https:\/\/www.instagram.com\/beachfront_ibiza\/","https:\/\/uk.pinterest.com\/beachfrontibiza\/_created\/","https:\/\/www.tiktok.com\/@beachfront.ibiza?lang=en"]}]}},"jetpack_sharing_enabled":true,"_links":{"self":[{"href":"https:\/\/www.beachfrontibiza.com\/de\/wp-json\/wp\/v2\/pages\/1081","targetHints":{"allow":["GET"]}}],"collection":[{"href":"https:\/\/www.beachfrontibiza.com\/de\/wp-json\/wp\/v2\/pages"}],"about":[{"href":"https:\/\/www.beachfrontibiza.com\/de\/wp-json\/wp\/v2\/types\/page"}],"author":[{"embeddable":true,"href":"https:\/\/www.beachfrontibiza.com\/de\/wp-json\/wp\/v2\/users\/1"}],"replies":[{"embeddable":true,"href":"https:\/\/www.beachfrontibiza.com\/de\/wp-json\/wp\/v2\/comments?post=1081"}],"version-history":[{"count":18,"href":"https:\/\/www.beachfrontibiza.com\/de\/wp-json\/wp\/v2\/pages\/1081\/revisions"}],"predecessor-version":[{"id":6769,"href":"https:\/\/www.beachfrontibiza.com\/de\/wp-json\/wp\/v2\/pages\/1081\/revisions\/6769"}],"wp:attachment":[{"href":"https:\/\/www.beachfrontibiza.com\/de\/wp-json\/wp\/v2\/media?parent=1081"}],"curies":[{"name":"wp","href":"https:\/\/api.w.org\/{rel}","templated":true}]}}