{"id":1087,"date":"2025-07-07T10:24:34","date_gmt":"2025-07-07T10:24:34","guid":{"rendered":"https:\/\/trigger.agency\/clients\/beach\/about\/"},"modified":"2026-02-27T20:40:32","modified_gmt":"2026-02-27T20:40:32","slug":"about","status":"publish","type":"page","link":"https:\/\/www.beachfrontibiza.com\/de\/about\/","title":{"rendered":"\u00dcber Uns"},"content":{"rendered":"<div class=\"wpb-content-wrapper\"><p>[vc_row][vc_column]<section class=\"beach-image-text-2\"><div class=\"beach-image-text-2-inner\" style=\"background-color:#4C4C4D\"><div class=\"container\"><div class=\"content\"><div class=\"image\"><img decoding=\"async\" src=\"https:\/\/www.beachfrontibiza.com\/wp-content\/uploads\/2026\/01\/BErni-Niki-Homepage-1.jpg\"><\/div><div class=\"texts\"><h2 class=\"title\" style=\"color: #E9E5E3\">Wer wir sind<\/h2><div class=\"text\" style=\"color: #E9E5E3\">Beachfront Ibiza ist ein \u00e4u\u00dferst erfahrenes Luxusimmobilienentwicklungsunternehmen, das sich auf erstklassige Immobilienprojekte auf Ibiza spezialisiert hat.<\/p>\n<p>Beachfront Development SL wurde 2016 von Niki Helletzgruber gegr\u00fcndet, der bereits seit 2009 eigene Immobilienprojekte auf der magischen Insel Ibiza entwickelt.<\/p>\n<p>Das Unternehmen wird von Niki Helletzgruber und seinem professionellen Team gef\u00fchrt, das \u00fcber langj\u00e4hrige Erfahrung in der Immobilienentwicklung auf Ibiza, in \u00d6sterreich und in Russland verf\u00fcgt.<\/div><\/div><\/div><\/div><\/div><\/section>[\/vc_column][\/vc_row][vc_row][vc_column]<section class=\"beach-image-text-2\"><div class=\"beach-image-text-2-inner\" style=\"background-color:\"><div class=\"container\"><div class=\"content\"><div class=\"image\"><img decoding=\"async\" src=\"https:\/\/www.beachfrontibiza.com\/wp-content\/uploads\/2025\/07\/SargantanaA8713-scaled.jpg\"><\/div><div class=\"texts\"><h2 class=\"title\" style=\"color: \">Beachfront Ibiza<\/h2><div class=\"text\" style=\"color: \">Beachfront Ibiza ist ein privat gef\u00fchrter Immobilienentwickler und Makler, der sich auf das Premium-Wohnsegment Ibizas spezialisiert hat. Seit 2016 entwerfen, realisieren und vermarkten wir ma\u00dfgeschneiderte Villen in erster Meereslinie sowie in exponierten Hanglagen, die den Anspr\u00fcchen einer internationalen Klientel gerecht werden.<\/p>\n<p>Neben unseren eigenen Entwicklungsprojekten beraten wir bei Immobilienakquisitionen, organisieren saisonale Vermietungen und betreuen ein diskretes Off-Market-Portfolio, das ausschlie\u00dflich unseren Kunden zug\u00e4nglich ist. Von der rechtlichen Due Diligence und architektonischen Planung bis hin zur langfristigen Betreuung bietet Beachfront Ibiza einen ganzheitlichen und vertraulichen Service f\u00fcr den Erwerb, die Anmietung oder den Bau exklusiver Immobilien auf Ibiza.<\/div><\/div><\/div><\/div><\/div><\/section>[\/vc_column][vc_column]<section class=\"beach-links\"><div class=\"beach-links-inner\"><div class=\"container\"><div class=\"content\"><h4 class=\"title\">Dienstleistungen<\/h4><div class=\"links\"><a href=\"https:\/\/www.beachfrontibiza.com\/de\/rentals\/\">VACATION RENTALS<\/a><a href=\"https:\/\/www.beachfrontibiza.com\/de\/sales\/\">LUXURY SALES<\/a><a href=\"https:\/\/www.beachfrontibiza.com\/de\/development\/\">DEVELOPMENT<\/a><\/div><\/div><\/div><\/div><\/section>[\/vc_column][\/vc_row][vc_row][vc_column]<section class=\"beach-image-action\"><div class=\"beach-image-action-inner\"><div class=\"container\"><div class=\"content\" style=\"background-color: \"><div class=\"bg-image\" style=\"background-image: url(https:\/\/www.beachfrontibiza.com\/wp-content\/uploads\/2025\/07\/Can-Gira_200703_19_2500px.jpg)\"><\/div><h2 class=\"title\">Immobilienportfolio<\/h2><div class=\"description\"><\/div><a href=\"https:\/\/www.beachfrontibiza.com\/de\/development\/\" class=\"read-more\">SEE OUR WORK<\/a><div class=\"sell-trigger-btn btn-popup\">Want to sell?<\/div><\/div><\/div><\/div><\/section>[\/vc_column][\/vc_row]<\/p>\n<\/div>","protected":false},"excerpt":{"rendered":"<p>[vc_row][vc_column][\/vc_column][\/vc_row][vc_row][vc_column][\/vc_column][vc_column][\/vc_column][\/vc_row][vc_row][vc_column][\/vc_column][\/vc_row]<\/p>\n","protected":false},"author":1,"featured_media":0,"parent":0,"menu_order":27,"comment_status":"closed","ping_status":"closed","template":"","meta":{"inline_featured_image":false,"footnotes":""},"class_list":["post-1087","page","type-page","status-publish","hentry"],"acf":[],"yoast_head":"<!-- This site is optimized with the Yoast SEO plugin v27.4 - https:\/\/yoast.com\/product\/yoast-seo-wordpress\/ -->\n<title>\u00dcber Uns - Beachfront Ibiza<\/title>\n<meta name=\"robots\" content=\"index, follow, max-snippet:-1, max-image-preview:large, max-video-preview:-1\" \/>\n<link rel=\"canonical\" href=\"https:\/\/www.beachfrontibiza.com\/de\/about\/\" \/>\n<meta property=\"og:locale\" content=\"de_DE\" \/>\n<meta property=\"og:type\" content=\"article\" \/>\n<meta property=\"og:title\" content=\"\u00dcber Uns - Beachfront Ibiza\" \/>\n<meta property=\"og:description\" content=\"[vc_row][vc_column][\/vc_column][\/vc_row][vc_row][vc_column][\/vc_column][vc_column][\/vc_column][\/vc_row][vc_row][vc_column][\/vc_column][\/vc_row]\" \/>\n<meta property=\"og:url\" content=\"https:\/\/www.beachfrontibiza.com\/de\/about\/\" \/>\n<meta property=\"og:site_name\" content=\"Beachfront Ibiza\" \/>\n<meta property=\"article:publisher\" content=\"https:\/\/facebook.com\/beachfrontibiza\" \/>\n<meta property=\"article:modified_time\" content=\"2026-02-27T20:40:32+00:00\" \/>\n<meta property=\"og:image\" content=\"https:\/\/www.beachfrontibiza.com\/wp-content\/uploads\/2026\/03\/logo.png\" \/>\n\t<meta property=\"og:image:width\" content=\"512\" \/>\n\t<meta property=\"og:image:height\" content=\"512\" \/>\n\t<meta property=\"og:image:type\" content=\"image\/png\" \/>\n<meta name=\"twitter:card\" content=\"summary_large_image\" \/>\n<meta name=\"twitter:label1\" content=\"Gesch\u00e4tzte Lesezeit\" \/>\n\t<meta name=\"twitter:data1\" content=\"2\u00a0Minuten\" \/>\n<script type=\"application\/ld+json\" class=\"yoast-schema-graph\">{\"@context\":\"https:\\\/\\\/schema.org\",\"@graph\":[{\"@type\":\"WebPage\",\"@id\":\"https:\\\/\\\/www.beachfrontibiza.com\\\/de\\\/about\\\/\",\"url\":\"https:\\\/\\\/www.beachfrontibiza.com\\\/de\\\/about\\\/\",\"name\":\"\u00dcber Uns - Beachfront Ibiza\",\"isPartOf\":{\"@id\":\"https:\\\/\\\/www.beachfrontibiza.com\\\/#website\"},\"datePublished\":\"2025-07-07T10:24:34+00:00\",\"dateModified\":\"2026-02-27T20:40:32+00:00\",\"breadcrumb\":{\"@id\":\"https:\\\/\\\/www.beachfrontibiza.com\\\/de\\\/about\\\/#breadcrumb\"},\"inLanguage\":\"de\",\"potentialAction\":[{\"@type\":\"ReadAction\",\"target\":[\"https:\\\/\\\/www.beachfrontibiza.com\\\/de\\\/about\\\/\"]}]},{\"@type\":\"BreadcrumbList\",\"@id\":\"https:\\\/\\\/www.beachfrontibiza.com\\\/de\\\/about\\\/#breadcrumb\",\"itemListElement\":[{\"@type\":\"ListItem\",\"position\":1,\"name\":\"Home\",\"item\":\"https:\\\/\\\/www.beachfrontibiza.com\\\/de\\\/homepage\\\/\"},{\"@type\":\"ListItem\",\"position\":2,\"name\":\"\u00dcber Uns\"}]},{\"@type\":\"WebSite\",\"@id\":\"https:\\\/\\\/www.beachfrontibiza.com\\\/#website\",\"url\":\"https:\\\/\\\/www.beachfrontibiza.com\\\/\",\"name\":\"Beachfront Ibiza\",\"description\":\"real estate ibiza\",\"publisher\":{\"@id\":\"https:\\\/\\\/www.beachfrontibiza.com\\\/#organization\"},\"alternateName\":\"b\",\"potentialAction\":[{\"@type\":\"SearchAction\",\"target\":{\"@type\":\"EntryPoint\",\"urlTemplate\":\"https:\\\/\\\/www.beachfrontibiza.com\\\/?s={search_term_string}\"},\"query-input\":{\"@type\":\"PropertyValueSpecification\",\"valueRequired\":true,\"valueName\":\"search_term_string\"}}],\"inLanguage\":\"de\"},{\"@type\":\"Organization\",\"@id\":\"https:\\\/\\\/www.beachfrontibiza.com\\\/#organization\",\"name\":\"Beachfront Ibiza\",\"url\":\"https:\\\/\\\/www.beachfrontibiza.com\\\/\",\"logo\":{\"@type\":\"ImageObject\",\"inLanguage\":\"de\",\"@id\":\"https:\\\/\\\/www.beachfrontibiza.com\\\/#\\\/schema\\\/logo\\\/image\\\/\",\"url\":\"https:\\\/\\\/www.beachfrontibiza.com\\\/wp-content\\\/uploads\\\/2026\\\/03\\\/logo.png\",\"contentUrl\":\"https:\\\/\\\/www.beachfrontibiza.com\\\/wp-content\\\/uploads\\\/2026\\\/03\\\/logo.png\",\"width\":512,\"height\":512,\"caption\":\"Beachfront Ibiza\"},\"image\":{\"@id\":\"https:\\\/\\\/www.beachfrontibiza.com\\\/#\\\/schema\\\/logo\\\/image\\\/\"},\"sameAs\":[\"https:\\\/\\\/facebook.com\\\/beachfrontibiza\",\"https:\\\/\\\/www.instagram.com\\\/beachfront_ibiza\\\/\",\"https:\\\/\\\/uk.pinterest.com\\\/beachfrontibiza\\\/_created\\\/\",\"https:\\\/\\\/www.tiktok.com\\\/@beachfront.ibiza?lang=en\"]}]}<\/script>\n<!-- \/ Yoast SEO plugin. -->","yoast_head_json":{"title":"\u00dcber Uns - Beachfront Ibiza","robots":{"index":"index","follow":"follow","max-snippet":"max-snippet:-1","max-image-preview":"max-image-preview:large","max-video-preview":"max-video-preview:-1"},"canonical":"https:\/\/www.beachfrontibiza.com\/de\/about\/","og_locale":"de_DE","og_type":"article","og_title":"\u00dcber Uns - Beachfront Ibiza","og_description":"[vc_row][vc_column][\/vc_column][\/vc_row][vc_row][vc_column][\/vc_column][vc_column][\/vc_column][\/vc_row][vc_row][vc_column][\/vc_column][\/vc_row]","og_url":"https:\/\/www.beachfrontibiza.com\/de\/about\/","og_site_name":"Beachfront Ibiza","article_publisher":"https:\/\/facebook.com\/beachfrontibiza","article_modified_time":"2026-02-27T20:40:32+00:00","og_image":[{"width":512,"height":512,"url":"https:\/\/www.beachfrontibiza.com\/wp-content\/uploads\/2026\/03\/logo.png","type":"image\/png"}],"twitter_card":"summary_large_image","twitter_misc":{"Gesch\u00e4tzte Lesezeit":"2\u00a0Minuten"},"schema":{"@context":"https:\/\/schema.org","@graph":[{"@type":"WebPage","@id":"https:\/\/www.beachfrontibiza.com\/de\/about\/","url":"https:\/\/www.beachfrontibiza.com\/de\/about\/","name":"\u00dcber Uns - Beachfront Ibiza","isPartOf":{"@id":"https:\/\/www.beachfrontibiza.com\/#website"},"datePublished":"2025-07-07T10:24:34+00:00","dateModified":"2026-02-27T20:40:32+00:00","breadcrumb":{"@id":"https:\/\/www.beachfrontibiza.com\/de\/about\/#breadcrumb"},"inLanguage":"de","potentialAction":[{"@type":"ReadAction","target":["https:\/\/www.beachfrontibiza.com\/de\/about\/"]}]},{"@type":"BreadcrumbList","@id":"https:\/\/www.beachfrontibiza.com\/de\/about\/#breadcrumb","itemListElement":[{"@type":"ListItem","position":1,"name":"Home","item":"https:\/\/www.beachfrontibiza.com\/de\/homepage\/"},{"@type":"ListItem","position":2,"name":"\u00dcber Uns"}]},{"@type":"WebSite","@id":"https:\/\/www.beachfrontibiza.com\/#website","url":"https:\/\/www.beachfrontibiza.com\/","name":"Beachfront Ibiza","description":"real estate ibiza","publisher":{"@id":"https:\/\/www.beachfrontibiza.com\/#organization"},"alternateName":"b","potentialAction":[{"@type":"SearchAction","target":{"@type":"EntryPoint","urlTemplate":"https:\/\/www.beachfrontibiza.com\/?s={search_term_string}"},"query-input":{"@type":"PropertyValueSpecification","valueRequired":true,"valueName":"search_term_string"}}],"inLanguage":"de"},{"@type":"Organization","@id":"https:\/\/www.beachfrontibiza.com\/#organization","name":"Beachfront Ibiza","url":"https:\/\/www.beachfrontibiza.com\/","logo":{"@type":"ImageObject","inLanguage":"de","@id":"https:\/\/www.beachfrontibiza.com\/#\/schema\/logo\/image\/","url":"https:\/\/www.beachfrontibiza.com\/wp-content\/uploads\/2026\/03\/logo.png","contentUrl":"https:\/\/www.beachfrontibiza.com\/wp-content\/uploads\/2026\/03\/logo.png","width":512,"height":512,"caption":"Beachfront Ibiza"},"image":{"@id":"https:\/\/www.beachfrontibiza.com\/#\/schema\/logo\/image\/"},"sameAs":["https:\/\/facebook.com\/beachfrontibiza","https:\/\/www.instagram.com\/beachfront_ibiza\/","https:\/\/uk.pinterest.com\/beachfrontibiza\/_created\/","https:\/\/www.tiktok.com\/@beachfront.ibiza?lang=en"]}]}},"jetpack_sharing_enabled":true,"_links":{"self":[{"href":"https:\/\/www.beachfrontibiza.com\/de\/wp-json\/wp\/v2\/pages\/1087","targetHints":{"allow":["GET"]}}],"collection":[{"href":"https:\/\/www.beachfrontibiza.com\/de\/wp-json\/wp\/v2\/pages"}],"about":[{"href":"https:\/\/www.beachfrontibiza.com\/de\/wp-json\/wp\/v2\/types\/page"}],"author":[{"embeddable":true,"href":"https:\/\/www.beachfrontibiza.com\/de\/wp-json\/wp\/v2\/users\/1"}],"replies":[{"embeddable":true,"href":"https:\/\/www.beachfrontibiza.com\/de\/wp-json\/wp\/v2\/comments?post=1087"}],"version-history":[{"count":25,"href":"https:\/\/www.beachfrontibiza.com\/de\/wp-json\/wp\/v2\/pages\/1087\/revisions"}],"predecessor-version":[{"id":6768,"href":"https:\/\/www.beachfrontibiza.com\/de\/wp-json\/wp\/v2\/pages\/1087\/revisions\/6768"}],"wp:attachment":[{"href":"https:\/\/www.beachfrontibiza.com\/de\/wp-json\/wp\/v2\/media?parent=1087"}],"curies":[{"name":"wp","href":"https:\/\/api.w.org\/{rel}","templated":true}]}}