{"id":1103,"date":"2025-07-07T12:09:42","date_gmt":"2025-07-07T12:09:42","guid":{"rendered":"https:\/\/trigger.agency\/clients\/beach\/development\/"},"modified":"2026-02-27T20:39:25","modified_gmt":"2026-02-27T20:39:25","slug":"development","status":"publish","type":"page","link":"https:\/\/www.beachfrontibiza.com\/de\/development\/","title":{"rendered":"Entwicklung"},"content":{"rendered":"<div class=\"wpb-content-wrapper\"><p>[vc_row][vc_column]<section class=\"beach-development-hero\"><div class=\"beach-development-hero-inner\"><div class=\"content\" style=\"background-image: url(https:\/\/www.beachfrontibiza.com\/wp-content\/uploads\/2025\/07\/can-orvay_200703_34.jpg)\"><div class=\"texts text-left\"><h4 class=\"subtitle\">ENTWICKLUNG<\/h4><h2 class=\"title\">IMMOBILIEN &amp; PROJEKT MANAGEMENT<\/h2><\/div><\/div><\/div><\/section>[\/vc_column][\/vc_row][vc_row][vc_column]<section class=\"beach-acc\"><div class=\"beach-acc-inner\"><div class=\"container\"><div class=\"content\"><h4 class=\"title\">DIENSTLEISTUNGEN<\/h4><div class=\"accordion\"><div class=\"acc-item\"><div class=\"acc-title\">PROJEKTMANAGEMENT<\/div><div class=\"acc-text\">Wir betreuen Wohnbauprojekte vom ersten Konzept bis zur endg\u00fcltigen Fertigstellung. Als Ihr zentraler Ansprechpartner koordinieren wir Planung, Budgetierung, Berater, Baupartner und Beh\u00f6rden, um in jeder Phase f\u00fcr Klarheit, Kontrolle und eine hochwertige Ausf\u00fchrung zu sorgen.<\/div><\/div><div class=\"acc-item\"><div class=\"acc-title\">NEUBUCH & ENTWICKLUNG<\/div><div class=\"acc-text\">Wir liefern ma\u00dfgeschneiderte Neubauvillen und Wohnanlagen und begleiten den Prozess von der Grundst\u00fccksbewertung und Genehmigung bis hin zum Bau und zur \u00dcbergabe. Bei jedem Projekt legen wir besonderen Wert auf architektonische Integrit\u00e4t, Bauqualit\u00e4t und langfristigen Wert.<\/div><\/div><div class=\"acc-item\"><div class=\"acc-title\">RENOVIERUNG & NEUPOSITIONIERUNG<\/div><div class=\"acc-text\">Wir positionieren bestehende Immobilien durch sorgf\u00e4ltig geplante Renovierungen neu, die das Design, die Funktionalit\u00e4t und den Marktwert verbessern. Von gezielten Modernisierungen bis hin zu umfassenden Umgestaltungen verbinden wir kreative Visionen mit technischer Umsetzung, um raffinierte, zukunftssichere Ergebnisse zu erzielen.<\/div><\/div><\/div><\/div><\/div><\/div><\/section>[\/vc_column][\/vc_row][vc_row][vc_column]<section class=\"beach-image-action\"><div class=\"beach-image-action-inner\"><div class=\"container\"><div class=\"content\" style=\"background-color: #D2C3BA\"><h2 class=\"title\">PLANEN SIE EIN PROJEKT?<\/h2><div class=\"description\"><\/div><a href=\"https:\/\/www.beachfrontibiza.com\/de\/contact\/\" class=\"read-more\">LASSEN SIE UNS SPRECHEN<\/a><div class=\"sell-trigger-btn btn-popup\">Want to sell?<\/div><\/div><\/div><\/div><\/section>[\/vc_column][\/vc_row][vc_row][vc_column]<section class=\"beach-portfolio\"><div class=\"beach-portfolio-inner\"><div class=\"container\"><div class=\"content\"><div class=\"portfolio-actions\"><div class=\"login\"><a href=\"#\">Member Area<\/a><\/div><div>Category Filter<\/div><\/div><div class=\"portfolio\"><a href=\"https:\/\/www.beachfrontibiza.com\/de\/portfolio\/villa-esteban-2\/\" class=\"portfolio-item\" style=\"background-image: url(https:\/\/www.beachfrontibiza.com\/wp-content\/uploads\/2025\/11\/DJI_0587-1.jpg)\"><div class=\"portfolio-name\">Villa Esteban<\/div><div class=\"portfolio-type\">Entwicklung<\/div><div class=\"portfolio-info\"><\/div><\/a><a href=\"https:\/\/www.beachfrontibiza.com\/de\/portfolio\/can-gira-2\/\" class=\"portfolio-item\" style=\"background-image: url(https:\/\/www.beachfrontibiza.com\/wp-content\/uploads\/2025\/11\/DJI_0528.jpg)\"><div class=\"portfolio-name\">Can Gira<\/div><div class=\"portfolio-type\">Entwicklung<\/div><div class=\"portfolio-info\"><\/div><\/a><a href=\"https:\/\/www.beachfrontibiza.com\/de\/portfolio\/can-nebu-2\/\" class=\"portfolio-item\" style=\"background-image: url(https:\/\/www.beachfrontibiza.com\/wp-content\/uploads\/2026\/01\/Picture1-scaled.jpg)\"><div class=\"portfolio-name\">Can Nebu<\/div><div class=\"portfolio-type\">Entwicklung<\/div><div class=\"portfolio-info\"><\/div><\/a><a href=\"https:\/\/www.beachfrontibiza.com\/de\/portfolio\/tres-vistas-2\/\" class=\"portfolio-item\" style=\"background-image: url(https:\/\/www.beachfrontibiza.com\/wp-content\/uploads\/2025\/11\/DJI_20241229015137_0001_D-1.jpg)\"><div class=\"portfolio-name\">Tres Vistas<\/div><div class=\"portfolio-type\">Entwicklung<\/div><div class=\"portfolio-info\"><\/div><\/a><a href=\"https:\/\/www.beachfrontibiza.com\/de\/portfolio\/can-nima\/\" class=\"portfolio-item\" style=\"background-image: url(https:\/\/www.beachfrontibiza.com\/wp-content\/uploads\/2025\/11\/1-scaled.jpg)\"><div class=\"portfolio-name\">Can Nima<\/div><div class=\"portfolio-type\">Entwicklung<\/div><div class=\"portfolio-info\"><\/div><\/a><a href=\"https:\/\/www.beachfrontibiza.com\/de\/portfolio\/pura-vista-2\/\" class=\"portfolio-item\" style=\"background-image: url(https:\/\/www.beachfrontibiza.com\/wp-content\/uploads\/2025\/11\/DSC8023-HDR-1.jpg)\"><div class=\"portfolio-name\">Pura Vista<\/div><div class=\"portfolio-type\">Entwicklung<\/div><div class=\"portfolio-info\"><\/div><\/a><a href=\"https:\/\/www.beachfrontibiza.com\/de\/portfolio\/limoneros\/\" class=\"portfolio-item\" style=\"background-image: url(https:\/\/www.beachfrontibiza.com\/wp-content\/uploads\/2026\/01\/Limoneros_nuevo-Vista-3D-3D_View-0_5.jpg)\"><div class=\"portfolio-name\">Limoneros<\/div><div class=\"portfolio-type\">Entwicklung<\/div><div class=\"portfolio-info\"><\/div><\/a><a href=\"https:\/\/www.beachfrontibiza.com\/de\/portfolio\/can-bosch\/\" class=\"portfolio-item\" style=\"background-image: url(https:\/\/www.beachfrontibiza.com\/wp-content\/uploads\/2026\/01\/Picture5.jpg)\"><div class=\"portfolio-name\">Can Bosch<\/div><div class=\"portfolio-type\">Entwicklung<\/div><div class=\"portfolio-info\"><\/div><\/a><a href=\"https:\/\/www.beachfrontibiza.com\/de\/portfolio\/villa-vista-alegre\/\" class=\"portfolio-item\" style=\"background-image: url(https:\/\/www.beachfrontibiza.com\/wp-content\/uploads\/2026\/01\/Picture1.png)\"><div class=\"portfolio-name\">Villa Vista Alegre<\/div><div class=\"portfolio-type\">Entwicklung<\/div><div class=\"portfolio-info\"><\/div><\/a><\/div><\/div><\/div><\/div><\/section>[\/vc_column][\/vc_row]<\/p>\n<\/div>","protected":false},"excerpt":{"rendered":"<p>[vc_row][vc_column][\/vc_column][\/vc_row][vc_row][vc_column][\/vc_column][\/vc_row][vc_row][vc_column][\/vc_column][\/vc_row][vc_row][vc_column][\/vc_column][\/vc_row]<\/p>\n","protected":false},"author":1,"featured_media":0,"parent":0,"menu_order":11,"comment_status":"closed","ping_status":"closed","template":"","meta":{"inline_featured_image":false,"footnotes":""},"class_list":["post-1103","page","type-page","status-publish","hentry"],"acf":[],"yoast_head":"<!-- This site is optimized with the Yoast SEO plugin v27.4 - https:\/\/yoast.com\/product\/yoast-seo-wordpress\/ -->\n<title>Entwicklung - Beachfront Ibiza<\/title>\n<meta name=\"robots\" content=\"index, follow, max-snippet:-1, max-image-preview:large, max-video-preview:-1\" \/>\n<link rel=\"canonical\" href=\"https:\/\/www.beachfrontibiza.com\/de\/development\/\" \/>\n<meta property=\"og:locale\" content=\"de_DE\" \/>\n<meta property=\"og:type\" content=\"article\" \/>\n<meta property=\"og:title\" content=\"Entwicklung - Beachfront Ibiza\" \/>\n<meta property=\"og:description\" content=\"[vc_row][vc_column][\/vc_column][\/vc_row][vc_row][vc_column][\/vc_column][\/vc_row][vc_row][vc_column][\/vc_column][\/vc_row][vc_row][vc_column][\/vc_column][\/vc_row]\" \/>\n<meta property=\"og:url\" content=\"https:\/\/www.beachfrontibiza.com\/de\/development\/\" \/>\n<meta property=\"og:site_name\" content=\"Beachfront Ibiza\" \/>\n<meta property=\"article:publisher\" content=\"https:\/\/facebook.com\/beachfrontibiza\" \/>\n<meta property=\"article:modified_time\" content=\"2026-02-27T20:39:25+00:00\" \/>\n<meta property=\"og:image\" content=\"https:\/\/www.beachfrontibiza.com\/wp-content\/uploads\/2026\/03\/logo.png\" \/>\n\t<meta property=\"og:image:width\" content=\"512\" \/>\n\t<meta property=\"og:image:height\" content=\"512\" \/>\n\t<meta property=\"og:image:type\" content=\"image\/png\" \/>\n<meta name=\"twitter:card\" content=\"summary_large_image\" \/>\n<meta name=\"twitter:label1\" content=\"Gesch\u00e4tzte Lesezeit\" \/>\n\t<meta name=\"twitter:data1\" content=\"1\u00a0Minute\" \/>\n<script type=\"application\/ld+json\" class=\"yoast-schema-graph\">{\"@context\":\"https:\\\/\\\/schema.org\",\"@graph\":[{\"@type\":\"WebPage\",\"@id\":\"https:\\\/\\\/www.beachfrontibiza.com\\\/de\\\/development\\\/\",\"url\":\"https:\\\/\\\/www.beachfrontibiza.com\\\/de\\\/development\\\/\",\"name\":\"Entwicklung - Beachfront Ibiza\",\"isPartOf\":{\"@id\":\"https:\\\/\\\/www.beachfrontibiza.com\\\/#website\"},\"datePublished\":\"2025-07-07T12:09:42+00:00\",\"dateModified\":\"2026-02-27T20:39:25+00:00\",\"breadcrumb\":{\"@id\":\"https:\\\/\\\/www.beachfrontibiza.com\\\/de\\\/development\\\/#breadcrumb\"},\"inLanguage\":\"de\",\"potentialAction\":[{\"@type\":\"ReadAction\",\"target\":[\"https:\\\/\\\/www.beachfrontibiza.com\\\/de\\\/development\\\/\"]}]},{\"@type\":\"BreadcrumbList\",\"@id\":\"https:\\\/\\\/www.beachfrontibiza.com\\\/de\\\/development\\\/#breadcrumb\",\"itemListElement\":[{\"@type\":\"ListItem\",\"position\":1,\"name\":\"Home\",\"item\":\"https:\\\/\\\/www.beachfrontibiza.com\\\/de\\\/homepage\\\/\"},{\"@type\":\"ListItem\",\"position\":2,\"name\":\"Entwicklung\"}]},{\"@type\":\"WebSite\",\"@id\":\"https:\\\/\\\/www.beachfrontibiza.com\\\/#website\",\"url\":\"https:\\\/\\\/www.beachfrontibiza.com\\\/\",\"name\":\"Beachfront Ibiza\",\"description\":\"real estate ibiza\",\"publisher\":{\"@id\":\"https:\\\/\\\/www.beachfrontibiza.com\\\/#organization\"},\"alternateName\":\"b\",\"potentialAction\":[{\"@type\":\"SearchAction\",\"target\":{\"@type\":\"EntryPoint\",\"urlTemplate\":\"https:\\\/\\\/www.beachfrontibiza.com\\\/?s={search_term_string}\"},\"query-input\":{\"@type\":\"PropertyValueSpecification\",\"valueRequired\":true,\"valueName\":\"search_term_string\"}}],\"inLanguage\":\"de\"},{\"@type\":\"Organization\",\"@id\":\"https:\\\/\\\/www.beachfrontibiza.com\\\/#organization\",\"name\":\"Beachfront Ibiza\",\"url\":\"https:\\\/\\\/www.beachfrontibiza.com\\\/\",\"logo\":{\"@type\":\"ImageObject\",\"inLanguage\":\"de\",\"@id\":\"https:\\\/\\\/www.beachfrontibiza.com\\\/#\\\/schema\\\/logo\\\/image\\\/\",\"url\":\"https:\\\/\\\/www.beachfrontibiza.com\\\/wp-content\\\/uploads\\\/2026\\\/03\\\/logo.png\",\"contentUrl\":\"https:\\\/\\\/www.beachfrontibiza.com\\\/wp-content\\\/uploads\\\/2026\\\/03\\\/logo.png\",\"width\":512,\"height\":512,\"caption\":\"Beachfront Ibiza\"},\"image\":{\"@id\":\"https:\\\/\\\/www.beachfrontibiza.com\\\/#\\\/schema\\\/logo\\\/image\\\/\"},\"sameAs\":[\"https:\\\/\\\/facebook.com\\\/beachfrontibiza\",\"https:\\\/\\\/www.instagram.com\\\/beachfront_ibiza\\\/\",\"https:\\\/\\\/uk.pinterest.com\\\/beachfrontibiza\\\/_created\\\/\",\"https:\\\/\\\/www.tiktok.com\\\/@beachfront.ibiza?lang=en\"]}]}<\/script>\n<!-- \/ Yoast SEO plugin. -->","yoast_head_json":{"title":"Entwicklung - Beachfront Ibiza","robots":{"index":"index","follow":"follow","max-snippet":"max-snippet:-1","max-image-preview":"max-image-preview:large","max-video-preview":"max-video-preview:-1"},"canonical":"https:\/\/www.beachfrontibiza.com\/de\/development\/","og_locale":"de_DE","og_type":"article","og_title":"Entwicklung - Beachfront Ibiza","og_description":"[vc_row][vc_column][\/vc_column][\/vc_row][vc_row][vc_column][\/vc_column][\/vc_row][vc_row][vc_column][\/vc_column][\/vc_row][vc_row][vc_column][\/vc_column][\/vc_row]","og_url":"https:\/\/www.beachfrontibiza.com\/de\/development\/","og_site_name":"Beachfront Ibiza","article_publisher":"https:\/\/facebook.com\/beachfrontibiza","article_modified_time":"2026-02-27T20:39:25+00:00","og_image":[{"width":512,"height":512,"url":"https:\/\/www.beachfrontibiza.com\/wp-content\/uploads\/2026\/03\/logo.png","type":"image\/png"}],"twitter_card":"summary_large_image","twitter_misc":{"Gesch\u00e4tzte Lesezeit":"1\u00a0Minute"},"schema":{"@context":"https:\/\/schema.org","@graph":[{"@type":"WebPage","@id":"https:\/\/www.beachfrontibiza.com\/de\/development\/","url":"https:\/\/www.beachfrontibiza.com\/de\/development\/","name":"Entwicklung - Beachfront Ibiza","isPartOf":{"@id":"https:\/\/www.beachfrontibiza.com\/#website"},"datePublished":"2025-07-07T12:09:42+00:00","dateModified":"2026-02-27T20:39:25+00:00","breadcrumb":{"@id":"https:\/\/www.beachfrontibiza.com\/de\/development\/#breadcrumb"},"inLanguage":"de","potentialAction":[{"@type":"ReadAction","target":["https:\/\/www.beachfrontibiza.com\/de\/development\/"]}]},{"@type":"BreadcrumbList","@id":"https:\/\/www.beachfrontibiza.com\/de\/development\/#breadcrumb","itemListElement":[{"@type":"ListItem","position":1,"name":"Home","item":"https:\/\/www.beachfrontibiza.com\/de\/homepage\/"},{"@type":"ListItem","position":2,"name":"Entwicklung"}]},{"@type":"WebSite","@id":"https:\/\/www.beachfrontibiza.com\/#website","url":"https:\/\/www.beachfrontibiza.com\/","name":"Beachfront Ibiza","description":"real estate ibiza","publisher":{"@id":"https:\/\/www.beachfrontibiza.com\/#organization"},"alternateName":"b","potentialAction":[{"@type":"SearchAction","target":{"@type":"EntryPoint","urlTemplate":"https:\/\/www.beachfrontibiza.com\/?s={search_term_string}"},"query-input":{"@type":"PropertyValueSpecification","valueRequired":true,"valueName":"search_term_string"}}],"inLanguage":"de"},{"@type":"Organization","@id":"https:\/\/www.beachfrontibiza.com\/#organization","name":"Beachfront Ibiza","url":"https:\/\/www.beachfrontibiza.com\/","logo":{"@type":"ImageObject","inLanguage":"de","@id":"https:\/\/www.beachfrontibiza.com\/#\/schema\/logo\/image\/","url":"https:\/\/www.beachfrontibiza.com\/wp-content\/uploads\/2026\/03\/logo.png","contentUrl":"https:\/\/www.beachfrontibiza.com\/wp-content\/uploads\/2026\/03\/logo.png","width":512,"height":512,"caption":"Beachfront Ibiza"},"image":{"@id":"https:\/\/www.beachfrontibiza.com\/#\/schema\/logo\/image\/"},"sameAs":["https:\/\/facebook.com\/beachfrontibiza","https:\/\/www.instagram.com\/beachfront_ibiza\/","https:\/\/uk.pinterest.com\/beachfrontibiza\/_created\/","https:\/\/www.tiktok.com\/@beachfront.ibiza?lang=en"]}]}},"jetpack_sharing_enabled":true,"_links":{"self":[{"href":"https:\/\/www.beachfrontibiza.com\/de\/wp-json\/wp\/v2\/pages\/1103","targetHints":{"allow":["GET"]}}],"collection":[{"href":"https:\/\/www.beachfrontibiza.com\/de\/wp-json\/wp\/v2\/pages"}],"about":[{"href":"https:\/\/www.beachfrontibiza.com\/de\/wp-json\/wp\/v2\/types\/page"}],"author":[{"embeddable":true,"href":"https:\/\/www.beachfrontibiza.com\/de\/wp-json\/wp\/v2\/users\/1"}],"replies":[{"embeddable":true,"href":"https:\/\/www.beachfrontibiza.com\/de\/wp-json\/wp\/v2\/comments?post=1103"}],"version-history":[{"count":11,"href":"https:\/\/www.beachfrontibiza.com\/de\/wp-json\/wp\/v2\/pages\/1103\/revisions"}],"predecessor-version":[{"id":6767,"href":"https:\/\/www.beachfrontibiza.com\/de\/wp-json\/wp\/v2\/pages\/1103\/revisions\/6767"}],"wp:attachment":[{"href":"https:\/\/www.beachfrontibiza.com\/de\/wp-json\/wp\/v2\/media?parent=1103"}],"curies":[{"name":"wp","href":"https:\/\/api.w.org\/{rel}","templated":true}]}}