{"id":1119,"date":"2025-07-03T13:25:43","date_gmt":"2025-07-03T13:25:43","guid":{"rendered":"https:\/\/trigger.agency\/clients\/beach\/privacy-policy\/"},"modified":"2026-02-04T17:28:23","modified_gmt":"2026-02-04T17:28:23","slug":"privacy-policy","status":"publish","type":"page","link":"https:\/\/www.beachfrontibiza.com\/de\/privacy-policy\/","title":{"rendered":"Datenschutzrichtlinie"},"content":{"rendered":"<div class=\"wpb-content-wrapper\"><p>[vc_row][vc_column][vc_column_text css=&#8220;&#8220;]<\/p>\n<h3 style=\"text-align: center;\">BEACHFRONT<\/h3>\n<p><\/p>\n<h1 class=\"uppercase\" style=\"text-align: center;\"><span data-text-color=\"primary\">DATENSCHUTZERKL\u00c4RUNG<\/span><\/h1>\n<p>January 2026<\/p>\n<p>Beachfront Development S.L. (\u201eBeachfront\u201c, \u201ewir\u201c, \u201euns\u201c oder \u201eunser\u201c) verpflichtet sich, die Privatsph\u00e4re und personenbezogenen Daten seiner Kunden, Partner und Website-Nutzer sowohl im gesch\u00e4ftlichen als auch im privaten Bereich zu sch\u00fctzen; dies ist f\u00fcr uns von gr\u00f6\u00dfter Bedeutung, und wir ergreifen in unserem gesamten Unternehmen robuste Ma\u00dfnahmen, um die Sicherheit und Integrit\u00e4t s\u00e4mtlicher solcher Informationen zu sch\u00fctzen. Diese Datenschutzerkl\u00e4rung erl\u00e4utert, wie wir personenbezogene Daten erheben, verwenden, speichern und sch\u00fctzen, wenn Sie unsere Website besuchen oder mit uns interagieren. Diese Richtlinie wird gem\u00e4\u00df der Datenschutz-Grundverordnung (EU) 2016\/679 (\u201eDSGVO\u201c) und den anwendbaren spanischen Datenschutzgesetzen bereitgestellt.<\/p>\n<p>INFORMATIONEN, DIE WIR VON IHNEN ERHEBEN K\u00d6NNEN<br \/>Wir k\u00f6nnen die folgenden Informationen \u00fcber Sie erheben und verarbeiten: Informationen, die Sie durch das Ausf\u00fcllen von Formularen auf unserer Website (www.gnibizasales.com) bereitstellen; sowie Informationen, die in Papierform oder auf andere Weise bereitgestellt werden, darunter: Ihr Name; Geburtsdatum; Adresse; Interessen; Marketingpr\u00e4ferenzen; ggf. Ihre Bonit\u00e4tsinformationen; und alle weiteren personenbezogenen Informationen, die f\u00fcr die von uns erbrachten Dienstleistungen relevant sind. Diese Informationen k\u00f6nnen bereitgestellt werden, wenn Sie Interesse registrieren, mit uns Transaktionen durchf\u00fchren, unsere Dienstleistungen oder Newsletter abonnieren oder Informationen anfordern; Korrespondenz oder andere Kontakte, die Sie mit uns haben; Details zu Transaktionen, die Sie \u00fcber unsere Website durchf\u00fchren, sowie jegliche Kommunikation per Telefon, pers\u00f6nlich oder auf andere Weise in Bezug auf diese Transaktionen. Dies kann die Aufzeichnung bestimmter Telefongespr\u00e4che umfassen, z. B. im Zusammenhang mit Live-Bietverfahren; Details Ihrer Besuche auf unserer Website, einschlie\u00dflich, aber nicht beschr\u00e4nkt auf, Verkehrsdaten, Web-Logs oder andere Kommunikationsdaten und die von Ihnen aufgerufenen Ressourcen. Die Informationen, die Sie uns zur Verf\u00fcgung stellen, werden zur Abwicklung von Transaktionen verwendet, k\u00f6nnen jedoch auch f\u00fcr die interne Datenverarbeitung genutzt werden, z. B. zur Erstellung statistischer Informationen \u00fcber Ihre Interessen und die Nutzung von beachfrontibiza.com. Als Service f\u00fcr Sie k\u00f6nnen wir diese Informationen auch nutzen, um die Inhalte, die wir auf beachfrontibiza.com anbieten, zu personalisieren<\/p>\n<p>SPEZIFISCHE INFORMATIONEN, DIE WIR \u00dcBER BEACHFRONTIBIZA.COM ERHEBEN K\u00d6NNEN<br \/>Wir k\u00f6nnen die folgenden Informationen erheben und verarbeiten, die aus Ihrer Nutzung von beachfrontibiza.com gewonnen werden.<br \/>Cookies<br \/>Ein Cookie ist eine einfache Textdatei, die vom Server einer Website auf Ihrem Computer oder Mobilger\u00e4t gespeichert wird, und nur dieser Server kann den Inhalt dieses Cookies abrufen oder lesen. Jedes Cookie ist einzigartig f\u00fcr Ihren Webbrowser. Es enth\u00e4lt einige anonyme Informationen, wie z. B. eine eindeutige Kennung sowie den Site-Namen und einige Ziffern und Zahlen. Es erm\u00f6glicht einer Website, sich Dinge wie Ihre Pr\u00e4ferenzen oder den Inhalt Ihres Warenkorbs zu merken. Die Nutzung unserer Website f\u00fchrt dazu, dass wir Cookies in den unten aufgef\u00fchrten 3 Kategorien auf Ihrem Computer platzieren.<br \/>Unbedingt erforderlich: Diese Cookies sind notwendig, damit Sie sich auf der Website bewegen und ihre Funktionen nutzen k\u00f6nnen, z. B. den Zugriff auf sichere Bereiche der Website; viele Funktionen unserer Website funktionieren nicht richtig oder \u00fcberhaupt nicht, wenn Sie diese Cookies nicht zulassen. Wir k\u00f6nnen daher m\u00f6glicherweise viele der Dienstleistungen, die Sie anfordern m\u00f6chten, nicht bereitstellen, sofern Sie die Nutzung dieser Cookies nicht akzeptieren.<br \/>Leistung: Diese Cookies sammeln Informationen dar\u00fcber, wie Besucher eine Website nutzen, z. B. welche Seiten am h\u00e4ufigsten besucht werden. Diese Cookies sammeln keine Informationen, die einen Besucher identifizieren: Alle Informationen, die diese Cookies sammeln, werden aggregiert und sind daher anonym. Die Informationen werden ausschlie\u00dflich verwendet, um die Funktionsweise der Website zu verbessern.<br \/>Funktionalit\u00e4t: Diese Cookies erm\u00f6glichen es der Website, sich an von Ihnen getroffene Entscheidungen zu erinnern (z. B. Ihren Benutzernamen, die Sprache oder die Region, in der Sie sich befinden) und erweiterte, personalisierte Funktionen bereitzustellen (z. B. die Speicherung von \u00c4nderungen, die Sie an Textgr\u00f6\u00dfe und Schriftarten vorgenommen haben).<br \/>Wenn Sie au\u00dferhalb der EU ans\u00e4ssig sind, verwenden wir au\u00dferdem einen vierten Cookie-Typ f\u00fcr Targeting oder Werbung:<br \/>Targeting oder Werbung: Wir arbeiten manchmal mit Dritten zusammen, um relevantere Werbung bereitzustellen und Webstatistiken zu erstellen. Diese Dritten k\u00f6nnen Cookies, Web Beacons und andere Tracking-Technologien verwenden, um Ihre Besuche sowohl bei Beachfront als auch auf anderen Websites zu \u00fcberwachen. Sie \u00fcberwachen Ihr Online-Verhalten und identifizieren die Website-Nutzung, wodurch Werbetreibende Ihnen Werbung und Inhalte anzeigen k\u00f6nnen, die f\u00fcr Sie relevanter sind. Einige Beispiele daf\u00fcr, was Targeting- und Werbe-Cookies tun:<br \/>Werbetreibenden Informationen \u00fcber Ihren Besuch auf unseren Websites bereitstellen, damit diese Ihnen relevante Werbung anzeigen k\u00f6nnen.<br \/>Die Anzahl der Einblendungen einer Anzeige begrenzen.<br \/>Dabei helfen, die Wirksamkeit einer Werbekampagne zu messen.<br \/>Keine Sorge \u2013 keines dieser Cookies speichert personenbezogene, identifizierbare Informationen und wir arbeiten nur mit vertrauensw\u00fcrdigen Werbepartnern. Nur zur Information: Diese Dritten haben ihre eigenen Datenschutzerkl\u00e4rungen, die von unserer abweichen k\u00f6nnen.<\/p>\n<p>IP-ADRESSE<br \/>Wir k\u00f6nnen Informationen \u00fcber Ihren Computer erheben, einschlie\u00dflich Ihrer Internetadresse, Ihres Betriebssystems und Ihres Browsertyps, wenn Sie uns besuchen. Ihre Internetadresse wird verwendet, um statistische oder demografische Informationen \u00fcber unsere Kunden insgesamt zu identifizieren und zu sammeln. Wir verwenden diese Informationen auch f\u00fcr die interne Systemadministration, um Probleme mit unseren Servern zu diagnostizieren, unsere Website zu verwalten und die Kunden- bzw. Nutzererfahrung zu verbessern.<\/p>\n<p>WIE WERDEN DIESE PERSONENBEZOGENEN INFORMATIONEN VERWENDET?<br \/>Beachfront wird Ihre personenbezogenen Daten weltweit innerhalb von Beachfront f\u00fcr klar festgelegte Zwecke erheben, aufzeichnen, speichern und verwenden, einschlie\u00dflich, aber nicht beschr\u00e4nkt auf:<br \/>Ihnen Informationen, Produkte oder Dienstleistungen bereitzustellen, die Sie von uns anfordern oder von denen wir glauben, dass sie Sie in zielgerichteter und relevanter Weise interessieren w\u00fcrden. Dies kann unter anderem Auktionen, Privatverk\u00e4ufe und Bewertungen sowie Immobilien umfassen;<br \/>unsere Verpflichtungen aus Vertr\u00e4gen zu erf\u00fcllen, die zwischen Ihnen und uns geschlossen wurden;<br \/>Sie \u00fcber \u00c4nderungen unserer Produkte und Dienstleistungen zu informieren;<br \/>sicherzustellen, dass unsere Website f\u00fcr Sie und Ihren Computer m\u00f6glichst effektiv dargestellt wird<br \/>Immobilien oder Dienstleistungen zu verkaufen oder zu kaufen (sofern Sie nicht widersprechen) sowie Sie \u00fcber bevorstehende Verk\u00e4ufe, Veranstaltungen und Dienstleistungen zu informieren.<br \/>Wir k\u00f6nnen Sie f\u00fcr die oben genannten Zwecke per Telefonanruf, E-Mail, Text oder SMS sowie auf andere Weise kontaktieren.<\/p>\n<p>WEITERGABE VON INFORMATIONEN<br \/>Wir geben Ihre personenbezogenen Daten nicht an Personen au\u00dferhalb von Beachfront weiter, au\u00dfer in \u00dcbereinstimmung mit dem Gesetz und wie in dieser Richtlinie beschrieben. Jedes Land, in dem wir t\u00e4tig sind, hat unterschiedliche Datenschutzgesetze. Unsere Datenschutzerkl\u00e4rung wird dies widerspiegeln.<br \/>Wir k\u00f6nnen jedoch von Zeit zu Zeit verpflichtet sein, Ihre personenbezogenen Daten an bestimmte Dritte offenzulegen.<br \/>Beauftragte oder Auftragnehmer von Beachfront. Wir k\u00f6nnen verpflichtet sein, bestimmte personenbezogene Informationen an unsere Beauftragten oder Auftragnehmer weiterzugeben, damit Beachfront Transaktionen abwickeln oder mit Ihnen kommunizieren kann. In diesem Fall erfolgt dies auf der Grundlage, dass diese Beauftragten\/Auftragnehmer verpflichtet sind, die Informationen vertraulich und sicher zu behandeln und sie nicht zu anderen Zwecken zu verwenden als zur Erbringung der Dienstleistungen, die sie f\u00fcr Beachfront ausf\u00fchren.<br \/>Geldw\u00e4schepr\u00e4vention und Aufsichtsbeh\u00f6rden. Wir k\u00f6nnen verpflichtet sein, bestimmte Informationen \u00fcber Sie aufzubewahren und an Aufsichtsbeh\u00f6rden sowie geeignete Stellen weiterzugeben, um Pr\u00fcfungen zur Geldw\u00e4schepr\u00e4vention und Handels-\/Sanktionspr\u00fcfungen durchzuf\u00fchren und bei der Betrugspr\u00e4vention zu unterst\u00fctzen, insbesondere zur Erf\u00fcllung unserer AML-Verpflichtungen und im Zusammenhang mit Handelssanktionen. Wir werden diese Informationen offenlegen, sofern dies gesetzlich erforderlich ist.<br \/>Kreditauskunfteien. Wir k\u00f6nnen verpflichtet sein, bestimmte personenbezogene Informationen \u00fcber Sie an Kreditauskunfteien weiterzugeben, um angemessene Pr\u00fcfungen durchzuf\u00fchren, wenn Sie mit uns Transaktionen t\u00e4tigen.<br \/>Rechtliche Offenlegungen. W\u00e4hrend wir Ihre personenbezogenen Daten nicht freiwillig offenlegen, k\u00f6nnen wir solche Informationen offenlegen, wenn wir dazu durch eine g\u00fcltige gerichtliche Anordnung verpflichtet sind, wenn wir rechtm\u00e4\u00dfig von staatlichen oder Strafverfolgungsbeh\u00f6rden dazu aufgefordert werden, wenn wir aufgrund anderer rechtlicher Verfahren dazu verpflichtet sind oder wenn dies erforderlich wird, um die Rechte oder das Eigentum von Beachfront zu sch\u00fctzen.<\/p>\n<p>WELTWEITE \u00dcBERMITTLUNGEN UND VERARBEITUNG<br \/>Als global t\u00e4tige Organisation kann Beachfront Ihre personenbezogenen Informationen wie oben beschrieben in L\u00e4ndern au\u00dferhalb des EWR verarbeiten. Jedes dieser L\u00e4nder hat unterschiedliche Datenschutzgesetze, die unterschiedliche Schutzniveaus f\u00fcr Ihre personenbezogenen Informationen bieten. Unsere Datenschutzerkl\u00e4rung spiegelt diese unterschiedlichen Praktiken wider, und wir werden in allen Rechtsordnungen, in denen wir t\u00e4tig sind, in \u00dcbereinstimmung mit dieser Richtlinie handeln. Indem Sie Beachfront Ihre personenbezogenen Informationen zur Verf\u00fcgung stellen, stimmen Sie zu, dass wir Ihre personenbezogenen Informationen in jeder Rechtsordnung in \u00dcbereinstimmung mit dieser Richtlinie verarbeiten.<\/p>\n<p>KONTAKTAUFNAHME<br \/>Um Ihnen Marketinginformationen \u00fcber unsere Produkte und Dienstleistungen bereitzustellen, k\u00f6nnen wir Sie per E-Mail, Text, SMS oder \u00fcber andere Messaging-Dienste, telefonisch sowie per Post kontaktieren. Am Ende jeder Marketing-E-Mail finden Sie eine deutlich gekennzeichnete Abmeldeoption f\u00fcr zuk\u00fcnftige Zusendungen. Dar\u00fcber hinaus k\u00f6nnen Sie uns jederzeit eine E-Mail an office@beachfrontibiza.com senden und darum bitten, dass Ihr Name aus unseren Listen entfernt wird.<\/p>\n<p>IHRE RECHTE<br \/>Sie haben das Recht, auf Ihre personenbezogenen Daten zuzugreifen, die Berichtigung unrichtiger Daten zu verlangen, die L\u00f6schung (\u201eRecht auf Vergessenwerden\u201c) zu verlangen, die Einschr\u00e4nkung der Verarbeitung zu verlangen, der Verarbeitung zu widersprechen, Daten\u00fcbertragbarkeit zu verlangen, Ihre Einwilligung jederzeit zu widerrufen und eine Beschwerde bei der spanischen Datenschutzbeh\u00f6rde (Agencia Espa\u00f1ola de Protecci\u00f3n de Datos \u2013 AEPD) einzureichen. Um Ihre Rechte auszu\u00fcben, kontaktieren Sie uns bitte unter office@beachfrontibiza.com<\/p>\n<p>SICHERHEIT<br \/>Wir werden alle angemessenen und geeigneten Ma\u00dfnahmen ergreifen, um die Sicherheit und Integrit\u00e4t s\u00e4mtlicher personenbezogener Informationen zu sch\u00fctzen, die unserer Website oder uns auf anderem Wege, elektronisch oder anderweitig, bereitgestellt werden.<br \/>Wir stellen sicher, dass Ihre personenbezogenen Daten innerhalb von Beachfront sowohl gegen unbefugten physischen als auch elektronischen Zugriff angemessen gesch\u00fctzt sind. Diese Ma\u00dfnahmen umfassen eine elektronische Firewall und verschiedene weitere Schutzma\u00dfnahmen, darunter Virenscans, die Installation von Sicherheitspatches, Schwachstellentests, Backup- und Wiederherstellungsplanung, Mitarbeiterschulungen, Sicherheits-Audits und weitere Schritte, die darauf ausgerichtet sind, das Datenschutzniveau kontinuierlich zu verbessern. Wir k\u00f6nnen jedoch nicht garantieren, dass Informationen w\u00e4hrend der \u00dcbertragung \u00fcber das Internet oder ein anderes Computernetzwerk vollst\u00e4ndig vor unbefugtem Eindringen, Zugriff oder Manipulation sicher sind. Wir \u00fcbernehmen keine Haftung f\u00fcr die Offenlegung von Informationen aufgrund von Fehlern oder unbefugten Handlungen Dritter. In jedem Fall werden wir Sie informieren, wenn wir der Ansicht sind, dass personenbezogene Daten kompromittiert wurden.<\/p>\n<p>WEBSITES DRITTER<br \/>Die Beachfront-Websites enthalten Links zu anderen Websites, die nicht von Beachfront betrieben werden. Die Informationen, die Sie uns zur Verf\u00fcgung stellen, werden nicht an andere Websites \u00fcbermittelt. Diese Websites k\u00f6nnen jedoch personenbezogene Informationen \u00fcber Sie gem\u00e4\u00df ihren eigenen Datenschutzerkl\u00e4rungen erheben. Beachfront ist nicht verantwortlich f\u00fcr die Datenschutzpraktiken oder den Inhalt solcher Websites.<\/p>\n<p>WIE LANGE BEWAHRT BEACHFRONT MEINE PERSONENBEZOGENEN INFORMATIONEN AUF?<br \/>Wir werden Ihre Informationen in unseren Systemen so lange aufbewahren, wie es f\u00fcr die jeweilige Aktivit\u00e4t erforderlich ist, oder so lange, wie es in einer Vereinbarung zwischen Ihnen und uns festgelegt ist.<\/p>\n<p>\u00c4NDERUNGEN DIESER RICHTLINIE<br \/>Wir behalten uns das Recht vor, diese Datenschutzerkl\u00e4rung und unsere Datenschutzpraktiken jederzeit zu \u00e4ndern oder zu aktualisieren. Wir werden die Nutzer dieser Website informieren, indem wir eine aktualisierte Richtlinie auf dieser Seite ver\u00f6ffentlichen; solche \u00c4nderungen treten sofort und ohne weitere Mitteilung in Kraft. Soweit angemessen, k\u00f6nnen wir Sie auch direkt \u00fcber \u00c4nderungen der Datenschutzerkl\u00e4rung informieren, entweder per E-Mail oder durch einen deutlich sichtbaren Hinweis auf unserer Website.<\/p>\n<p>KONTAKT<br \/>Wenn Sie Fragen zur Nutzung und zum Schutz Ihrer personenbezogenen Daten haben, kontaktieren Sie uns bitte unter office@beachfrontibiza.com.<br \/>[\/vc_column_text][\/vc_column][\/vc_row]<\/p>\n<\/div>","protected":false},"excerpt":{"rendered":"<p>[vc_row][vc_column][vc_column_text css=&#8220;&#8220;] BEACHFRONT DATENSCHUTZERKL\u00c4RUNG January 2026 Beachfront Development S.L. (\u201eBeachfront\u201c, \u201ewir\u201c, \u201euns\u201c oder \u201eunser\u201c) verpflichtet sich, die Privatsph\u00e4re und personenbezogenen Daten seiner Kunden, Partner und Website-Nutzer sowohl im gesch\u00e4ftlichen als auch im privaten Bereich zu sch\u00fctzen; dies ist f\u00fcr uns von gr\u00f6\u00dfter Bedeutung, und wir ergreifen in unserem gesamten Unternehmen robuste Ma\u00dfnahmen, um die Sicherheit [&hellip;]<\/p>\n","protected":false},"author":1,"featured_media":0,"parent":0,"menu_order":8,"comment_status":"closed","ping_status":"open","template":"templates\/ribbon.php","meta":{"inline_featured_image":false,"footnotes":""},"class_list":["post-1119","page","type-page","status-publish","hentry"],"acf":[],"yoast_head":"<!-- This site is optimized with the Yoast SEO plugin v27.4 - https:\/\/yoast.com\/product\/yoast-seo-wordpress\/ -->\n<title>Datenschutzrichtlinie - Beachfront Ibiza<\/title>\n<meta name=\"robots\" content=\"index, follow, max-snippet:-1, max-image-preview:large, max-video-preview:-1\" \/>\n<link rel=\"canonical\" href=\"https:\/\/www.beachfrontibiza.com\/de\/privacy-policy\/\" \/>\n<meta property=\"og:locale\" content=\"de_DE\" \/>\n<meta property=\"og:type\" content=\"article\" \/>\n<meta property=\"og:title\" content=\"Datenschutzrichtlinie - Beachfront Ibiza\" \/>\n<meta property=\"og:description\" content=\"[vc_row][vc_column][vc_column_text css=&#8220;&#8220;] BEACHFRONT DATENSCHUTZERKL\u00c4RUNG January 2026 Beachfront Development S.L. (\u201eBeachfront\u201c, \u201ewir\u201c, \u201euns\u201c oder \u201eunser\u201c) verpflichtet sich, die Privatsph\u00e4re und personenbezogenen Daten seiner Kunden, Partner und Website-Nutzer sowohl im gesch\u00e4ftlichen als auch im privaten Bereich zu sch\u00fctzen; dies ist f\u00fcr uns von gr\u00f6\u00dfter Bedeutung, und wir ergreifen in unserem gesamten Unternehmen robuste Ma\u00dfnahmen, um die Sicherheit [&hellip;]\" \/>\n<meta property=\"og:url\" content=\"https:\/\/www.beachfrontibiza.com\/de\/privacy-policy\/\" \/>\n<meta property=\"og:site_name\" content=\"Beachfront Ibiza\" \/>\n<meta property=\"article:publisher\" content=\"https:\/\/facebook.com\/beachfrontibiza\" \/>\n<meta property=\"article:modified_time\" content=\"2026-02-04T17:28:23+00:00\" \/>\n<meta property=\"og:image\" content=\"https:\/\/www.beachfrontibiza.com\/wp-content\/uploads\/2026\/03\/logo.png\" \/>\n\t<meta property=\"og:image:width\" content=\"512\" \/>\n\t<meta property=\"og:image:height\" content=\"512\" \/>\n\t<meta property=\"og:image:type\" content=\"image\/png\" \/>\n<meta name=\"twitter:card\" content=\"summary_large_image\" \/>\n<meta name=\"twitter:label1\" content=\"Gesch\u00e4tzte Lesezeit\" \/>\n\t<meta name=\"twitter:data1\" content=\"10\u00a0Minuten\" \/>\n<script type=\"application\/ld+json\" class=\"yoast-schema-graph\">{\"@context\":\"https:\\\/\\\/schema.org\",\"@graph\":[{\"@type\":\"WebPage\",\"@id\":\"https:\\\/\\\/www.beachfrontibiza.com\\\/de\\\/privacy-policy\\\/\",\"url\":\"https:\\\/\\\/www.beachfrontibiza.com\\\/de\\\/privacy-policy\\\/\",\"name\":\"Datenschutzrichtlinie - Beachfront Ibiza\",\"isPartOf\":{\"@id\":\"https:\\\/\\\/www.beachfrontibiza.com\\\/#website\"},\"datePublished\":\"2025-07-03T13:25:43+00:00\",\"dateModified\":\"2026-02-04T17:28:23+00:00\",\"breadcrumb\":{\"@id\":\"https:\\\/\\\/www.beachfrontibiza.com\\\/de\\\/privacy-policy\\\/#breadcrumb\"},\"inLanguage\":\"de\",\"potentialAction\":[{\"@type\":\"ReadAction\",\"target\":[\"https:\\\/\\\/www.beachfrontibiza.com\\\/de\\\/privacy-policy\\\/\"]}]},{\"@type\":\"BreadcrumbList\",\"@id\":\"https:\\\/\\\/www.beachfrontibiza.com\\\/de\\\/privacy-policy\\\/#breadcrumb\",\"itemListElement\":[{\"@type\":\"ListItem\",\"position\":1,\"name\":\"Home\",\"item\":\"https:\\\/\\\/www.beachfrontibiza.com\\\/de\\\/homepage\\\/\"},{\"@type\":\"ListItem\",\"position\":2,\"name\":\"Datenschutzrichtlinie\"}]},{\"@type\":\"WebSite\",\"@id\":\"https:\\\/\\\/www.beachfrontibiza.com\\\/#website\",\"url\":\"https:\\\/\\\/www.beachfrontibiza.com\\\/\",\"name\":\"Beachfront Ibiza\",\"description\":\"real estate ibiza\",\"publisher\":{\"@id\":\"https:\\\/\\\/www.beachfrontibiza.com\\\/#organization\"},\"alternateName\":\"b\",\"potentialAction\":[{\"@type\":\"SearchAction\",\"target\":{\"@type\":\"EntryPoint\",\"urlTemplate\":\"https:\\\/\\\/www.beachfrontibiza.com\\\/?s={search_term_string}\"},\"query-input\":{\"@type\":\"PropertyValueSpecification\",\"valueRequired\":true,\"valueName\":\"search_term_string\"}}],\"inLanguage\":\"de\"},{\"@type\":\"Organization\",\"@id\":\"https:\\\/\\\/www.beachfrontibiza.com\\\/#organization\",\"name\":\"Beachfront Ibiza\",\"url\":\"https:\\\/\\\/www.beachfrontibiza.com\\\/\",\"logo\":{\"@type\":\"ImageObject\",\"inLanguage\":\"de\",\"@id\":\"https:\\\/\\\/www.beachfrontibiza.com\\\/#\\\/schema\\\/logo\\\/image\\\/\",\"url\":\"https:\\\/\\\/www.beachfrontibiza.com\\\/wp-content\\\/uploads\\\/2026\\\/03\\\/logo.png\",\"contentUrl\":\"https:\\\/\\\/www.beachfrontibiza.com\\\/wp-content\\\/uploads\\\/2026\\\/03\\\/logo.png\",\"width\":512,\"height\":512,\"caption\":\"Beachfront Ibiza\"},\"image\":{\"@id\":\"https:\\\/\\\/www.beachfrontibiza.com\\\/#\\\/schema\\\/logo\\\/image\\\/\"},\"sameAs\":[\"https:\\\/\\\/facebook.com\\\/beachfrontibiza\",\"https:\\\/\\\/www.instagram.com\\\/beachfront_ibiza\\\/\",\"https:\\\/\\\/uk.pinterest.com\\\/beachfrontibiza\\\/_created\\\/\",\"https:\\\/\\\/www.tiktok.com\\\/@beachfront.ibiza?lang=en\"]}]}<\/script>\n<!-- \/ Yoast SEO plugin. -->","yoast_head_json":{"title":"Datenschutzrichtlinie - Beachfront Ibiza","robots":{"index":"index","follow":"follow","max-snippet":"max-snippet:-1","max-image-preview":"max-image-preview:large","max-video-preview":"max-video-preview:-1"},"canonical":"https:\/\/www.beachfrontibiza.com\/de\/privacy-policy\/","og_locale":"de_DE","og_type":"article","og_title":"Datenschutzrichtlinie - Beachfront Ibiza","og_description":"[vc_row][vc_column][vc_column_text css=&#8220;&#8220;] BEACHFRONT DATENSCHUTZERKL\u00c4RUNG January 2026 Beachfront Development S.L. (\u201eBeachfront\u201c, \u201ewir\u201c, \u201euns\u201c oder \u201eunser\u201c) verpflichtet sich, die Privatsph\u00e4re und personenbezogenen Daten seiner Kunden, Partner und Website-Nutzer sowohl im gesch\u00e4ftlichen als auch im privaten Bereich zu sch\u00fctzen; dies ist f\u00fcr uns von gr\u00f6\u00dfter Bedeutung, und wir ergreifen in unserem gesamten Unternehmen robuste Ma\u00dfnahmen, um die Sicherheit [&hellip;]","og_url":"https:\/\/www.beachfrontibiza.com\/de\/privacy-policy\/","og_site_name":"Beachfront Ibiza","article_publisher":"https:\/\/facebook.com\/beachfrontibiza","article_modified_time":"2026-02-04T17:28:23+00:00","og_image":[{"width":512,"height":512,"url":"https:\/\/www.beachfrontibiza.com\/wp-content\/uploads\/2026\/03\/logo.png","type":"image\/png"}],"twitter_card":"summary_large_image","twitter_misc":{"Gesch\u00e4tzte Lesezeit":"10\u00a0Minuten"},"schema":{"@context":"https:\/\/schema.org","@graph":[{"@type":"WebPage","@id":"https:\/\/www.beachfrontibiza.com\/de\/privacy-policy\/","url":"https:\/\/www.beachfrontibiza.com\/de\/privacy-policy\/","name":"Datenschutzrichtlinie - Beachfront Ibiza","isPartOf":{"@id":"https:\/\/www.beachfrontibiza.com\/#website"},"datePublished":"2025-07-03T13:25:43+00:00","dateModified":"2026-02-04T17:28:23+00:00","breadcrumb":{"@id":"https:\/\/www.beachfrontibiza.com\/de\/privacy-policy\/#breadcrumb"},"inLanguage":"de","potentialAction":[{"@type":"ReadAction","target":["https:\/\/www.beachfrontibiza.com\/de\/privacy-policy\/"]}]},{"@type":"BreadcrumbList","@id":"https:\/\/www.beachfrontibiza.com\/de\/privacy-policy\/#breadcrumb","itemListElement":[{"@type":"ListItem","position":1,"name":"Home","item":"https:\/\/www.beachfrontibiza.com\/de\/homepage\/"},{"@type":"ListItem","position":2,"name":"Datenschutzrichtlinie"}]},{"@type":"WebSite","@id":"https:\/\/www.beachfrontibiza.com\/#website","url":"https:\/\/www.beachfrontibiza.com\/","name":"Beachfront Ibiza","description":"real estate ibiza","publisher":{"@id":"https:\/\/www.beachfrontibiza.com\/#organization"},"alternateName":"b","potentialAction":[{"@type":"SearchAction","target":{"@type":"EntryPoint","urlTemplate":"https:\/\/www.beachfrontibiza.com\/?s={search_term_string}"},"query-input":{"@type":"PropertyValueSpecification","valueRequired":true,"valueName":"search_term_string"}}],"inLanguage":"de"},{"@type":"Organization","@id":"https:\/\/www.beachfrontibiza.com\/#organization","name":"Beachfront Ibiza","url":"https:\/\/www.beachfrontibiza.com\/","logo":{"@type":"ImageObject","inLanguage":"de","@id":"https:\/\/www.beachfrontibiza.com\/#\/schema\/logo\/image\/","url":"https:\/\/www.beachfrontibiza.com\/wp-content\/uploads\/2026\/03\/logo.png","contentUrl":"https:\/\/www.beachfrontibiza.com\/wp-content\/uploads\/2026\/03\/logo.png","width":512,"height":512,"caption":"Beachfront Ibiza"},"image":{"@id":"https:\/\/www.beachfrontibiza.com\/#\/schema\/logo\/image\/"},"sameAs":["https:\/\/facebook.com\/beachfrontibiza","https:\/\/www.instagram.com\/beachfront_ibiza\/","https:\/\/uk.pinterest.com\/beachfrontibiza\/_created\/","https:\/\/www.tiktok.com\/@beachfront.ibiza?lang=en"]}]}},"jetpack_sharing_enabled":true,"_links":{"self":[{"href":"https:\/\/www.beachfrontibiza.com\/de\/wp-json\/wp\/v2\/pages\/1119","targetHints":{"allow":["GET"]}}],"collection":[{"href":"https:\/\/www.beachfrontibiza.com\/de\/wp-json\/wp\/v2\/pages"}],"about":[{"href":"https:\/\/www.beachfrontibiza.com\/de\/wp-json\/wp\/v2\/types\/page"}],"author":[{"embeddable":true,"href":"https:\/\/www.beachfrontibiza.com\/de\/wp-json\/wp\/v2\/users\/1"}],"replies":[{"embeddable":true,"href":"https:\/\/www.beachfrontibiza.com\/de\/wp-json\/wp\/v2\/comments?post=1119"}],"version-history":[{"count":12,"href":"https:\/\/www.beachfrontibiza.com\/de\/wp-json\/wp\/v2\/pages\/1119\/revisions"}],"predecessor-version":[{"id":6196,"href":"https:\/\/www.beachfrontibiza.com\/de\/wp-json\/wp\/v2\/pages\/1119\/revisions\/6196"}],"wp:attachment":[{"href":"https:\/\/www.beachfrontibiza.com\/de\/wp-json\/wp\/v2\/media?parent=1119"}],"curies":[{"name":"wp","href":"https:\/\/api.w.org\/{rel}","templated":true}]}}