{"id":2179,"date":"2025-11-04T14:35:10","date_gmt":"2025-11-04T14:35:10","guid":{"rendered":"https:\/\/trigger.agency\/clients\/beach\/imprint\/"},"modified":"2026-02-04T17:12:27","modified_gmt":"2026-02-04T17:12:27","slug":"impressum","status":"publish","type":"page","link":"https:\/\/www.beachfrontibiza.com\/de\/impressum\/","title":{"rendered":"Impressum"},"content":{"rendered":"<div class=\"wpb-content-wrapper\"><p>[vc_row][vc_column][vc_column_text css=&#8220;.vc_custom_1769590908133{margin-right: 300px !important;margin-left: 300px !important;}&#8220;]<\/p>\n<h3 style=\"text-align: center;\">BEACHFRONT<\/h3>\n<p><\/p>\n<h1 class=\"uppercase\" style=\"text-align: center;\"><span data-text-color=\"primary\">IMPRESSUM \/ RECHTLICHER HINWEIS<\/span><\/h1>\n<p><\/p>\n<p style=\"text-align: center;\"><span style=\"font-size: 24px;\"><strong>Firmenname:<\/strong><\/span><br \/>\nBeachfront Development S.L.<\/p>\n<p><\/p>\n<p style=\"text-align: center;\"><span style=\"font-size: 24px;\"><strong>Rechtsform:<\/strong><\/span><br \/>\nSociedad Limitada (S.L.)<\/p>\n<p><\/p>\n<p style=\"text-align: center;\"><span style=\"font-size: 24px;\"><strong>Eingetragener Firmensitz:<\/strong><\/span><br \/>\nCalle de les Estrelles, 10<br \/>\n07840 Santa Eul\u00e0ria des Riu<br \/>\nIbiza, Balearische Inseln<br \/>\nSpanien<\/p>\n<p><\/p>\n<p style=\"text-align: center;\"><span style=\"font-size: 24px;\"><strong>Steuer- \/ USt-Nr.:<\/strong><\/span><br \/>\nB16562506<\/p>\n<p><\/p>\n<p style=\"text-align: center;\"><span style=\"font-size: 24px;\"><strong>Handelsregister:<\/strong><\/span><br \/>\nEingetragen im Handelsregister von Ibiza<br \/>\nBand 329, Buch 327, Blatt 202, Abschnitt 8, Eintrag IB-15271<\/p>\n<p><\/p>\n<p style=\"text-align: center;\"><span style=\"font-size: 24px;\"><strong>Gesch\u00e4ftsf\u00fchrer:<\/strong><\/span><br \/>\nNicolaus Helletzgruber<\/p>\n<p><\/p>\n<p style=\"text-align: center;\"><strong><span style=\"font-size: 24px;\">Kontakt<\/span><\/strong><\/p>\n<p><\/p>\n<p style=\"text-align: center;\">E-Mail:<br \/>\noffice@beachfrontibiza.com<\/p>\n<p><\/p>\n<p style=\"text-align: center;\">Website:<br \/>\nwww.beachfrontibiza.com<\/p>\n<p><\/p>\n<p style=\"text-align: center;\"><span style=\"font-size: 24px;\"><strong>Unternehmensgegenstand<\/strong><\/span><\/p>\n<p><\/p>\n<p style=\"text-align: center;\">Beachfront Development S.L. ist im Bereich Immobilienentwicklung, Bau, Immobilienverwaltung sowie in damit verbundenen Beratungs- und Handelsaktivit\u00e4ten t\u00e4tig.<\/p>\n<p><\/p>\n<p style=\"text-align: center;\"><span style=\"font-size: 24px;\"><strong>Haftung f\u00fcr Inhalte<\/strong><\/span><\/p>\n<p><\/p>\n<p style=\"text-align: center;\">Die Inhalte dieser Website wurden mit gr\u00f6\u00dftm\u00f6glicher Sorgfalt erstellt. Beachfront Development S.L. \u00fcbernimmt jedoch keine Gew\u00e4hr f\u00fcr die Richtigkeit, Vollst\u00e4ndigkeit oder Aktualit\u00e4t der bereitgestellten Informationen. Haftungsanspr\u00fcche gegen Beachfront Development S.L. wegen materieller oder immaterieller Sch\u00e4den, die durch die Nutzung oder Nichtnutzung der dargebotenen Informationen entstehen, sind ausgeschlossen, sofern kein nachweislich vors\u00e4tzliches oder grob fahrl\u00e4ssiges Verschulden vorliegt.<\/p>\n<p><\/p>\n<p style=\"text-align: center;\"><strong><span style=\"font-size: 24px;\">Haftung f\u00fcr externe Links<\/span><\/strong><\/p>\n<p><\/p>\n<p style=\"text-align: center;\">Diese Website kann Links zu externen Websites Dritter enthalten, auf deren Inhalte Beachfront Development S.L. keinen Einfluss hat. Daher \u00fcbernehmen wir keine Haftung f\u00fcr fremde Inhalte. F\u00fcr den Inhalt der verlinkten Seiten ist stets der jeweilige Anbieter oder Betreiber verantwortlich.<\/p>\n<p><\/p>\n<p style=\"text-align: center;\"><span style=\"font-size: 24px;\"><strong>Urheberrecht und geistiges Eigentum<\/strong><\/span><\/p>\n<p><\/p>\n<p style=\"text-align: center;\">Alle Inhalte, Bilder, Texte, Grafiken und Gestaltungselemente dieser Website unterliegen dem Urheberrecht und den geltenden Gesetzen zum Schutz geistigen Eigentums. Jede Vervielf\u00e4ltigung, Verbreitung oder Nutzung au\u00dferhalb der Grenzen des Urheberrechts bedarf der vorherigen schriftlichen Zustimmung von Beachfront Development S.L.<\/p>\n<p><\/p>\n<p style=\"text-align: center;\"><span style=\"font-size: 24px;\"><strong>Anwendbares Recht<\/strong><\/span><\/p>\n<p><\/p>\n<p style=\"text-align: center;\">Dieser rechtliche Hinweis unterliegt dem spanischen Recht. Gerichtsstand ist Spanien, soweit gesetzlich zul\u00e4ssig.<\/p>\n<p>\n[\/vc_column_text][\/vc_column][\/vc_row]<\/p>\n<\/div>","protected":false},"excerpt":{"rendered":"<p>[vc_row][vc_column][vc_column_text css=&#8220;.vc_custom_1769590908133{margin-right: 300px !important;margin-left: 300px !important;}&#8220;] BEACHFRONT IMPRESSUM \/ RECHTLICHER HINWEIS Firmenname: Beachfront Development S.L. Rechtsform: Sociedad Limitada (S.L.) Eingetragener Firmensitz: Calle de les Estrelles, 10 07840 Santa Eul\u00e0ria des Riu Ibiza, Balearische Inseln Spanien Steuer- \/ USt-Nr.: B16562506 Handelsregister: Eingetragen im Handelsregister von Ibiza Band 329, Buch 327, Blatt 202, Abschnitt 8, Eintrag IB-15271 [&hellip;]<\/p>\n","protected":false},"author":1,"featured_media":0,"parent":0,"menu_order":13,"comment_status":"closed","ping_status":"closed","template":"","meta":{"inline_featured_image":false,"footnotes":""},"class_list":["post-2179","page","type-page","status-publish","hentry"],"acf":[],"yoast_head":"<!-- This site is optimized with the Yoast SEO plugin v27.4 - https:\/\/yoast.com\/product\/yoast-seo-wordpress\/ -->\n<title>Impressum - Beachfront Ibiza<\/title>\n<meta name=\"robots\" content=\"index, follow, max-snippet:-1, max-image-preview:large, max-video-preview:-1\" \/>\n<link rel=\"canonical\" href=\"https:\/\/www.beachfrontibiza.com\/de\/impressum\/\" \/>\n<meta property=\"og:locale\" content=\"de_DE\" \/>\n<meta property=\"og:type\" content=\"article\" \/>\n<meta property=\"og:title\" content=\"Impressum - Beachfront Ibiza\" \/>\n<meta property=\"og:description\" content=\"[vc_row][vc_column][vc_column_text css=&#8220;.vc_custom_1769590908133{margin-right: 300px !important;margin-left: 300px !important;}&#8220;] BEACHFRONT IMPRESSUM \/ RECHTLICHER HINWEIS Firmenname: Beachfront Development S.L. Rechtsform: Sociedad Limitada (S.L.) Eingetragener Firmensitz: Calle de les Estrelles, 10 07840 Santa Eul\u00e0ria des Riu Ibiza, Balearische Inseln Spanien Steuer- \/ USt-Nr.: B16562506 Handelsregister: Eingetragen im Handelsregister von Ibiza Band 329, Buch 327, Blatt 202, Abschnitt 8, Eintrag IB-15271 [&hellip;]\" \/>\n<meta property=\"og:url\" content=\"https:\/\/www.beachfrontibiza.com\/de\/impressum\/\" \/>\n<meta property=\"og:site_name\" content=\"Beachfront Ibiza\" \/>\n<meta property=\"article:publisher\" content=\"https:\/\/facebook.com\/beachfrontibiza\" \/>\n<meta property=\"article:modified_time\" content=\"2026-02-04T17:12:27+00:00\" \/>\n<meta property=\"og:image\" content=\"https:\/\/www.beachfrontibiza.com\/wp-content\/uploads\/2026\/03\/logo.png\" \/>\n\t<meta property=\"og:image:width\" content=\"512\" \/>\n\t<meta property=\"og:image:height\" content=\"512\" \/>\n\t<meta property=\"og:image:type\" content=\"image\/png\" \/>\n<meta name=\"twitter:card\" content=\"summary_large_image\" \/>\n<meta name=\"twitter:label1\" content=\"Gesch\u00e4tzte Lesezeit\" \/>\n\t<meta name=\"twitter:data1\" content=\"1\u00a0Minute\" \/>\n<script type=\"application\/ld+json\" class=\"yoast-schema-graph\">{\"@context\":\"https:\\\/\\\/schema.org\",\"@graph\":[{\"@type\":\"WebPage\",\"@id\":\"https:\\\/\\\/www.beachfrontibiza.com\\\/de\\\/impressum\\\/\",\"url\":\"https:\\\/\\\/www.beachfrontibiza.com\\\/de\\\/impressum\\\/\",\"name\":\"Impressum - Beachfront Ibiza\",\"isPartOf\":{\"@id\":\"https:\\\/\\\/www.beachfrontibiza.com\\\/#website\"},\"datePublished\":\"2025-11-04T14:35:10+00:00\",\"dateModified\":\"2026-02-04T17:12:27+00:00\",\"breadcrumb\":{\"@id\":\"https:\\\/\\\/www.beachfrontibiza.com\\\/de\\\/impressum\\\/#breadcrumb\"},\"inLanguage\":\"de\",\"potentialAction\":[{\"@type\":\"ReadAction\",\"target\":[\"https:\\\/\\\/www.beachfrontibiza.com\\\/de\\\/impressum\\\/\"]}]},{\"@type\":\"BreadcrumbList\",\"@id\":\"https:\\\/\\\/www.beachfrontibiza.com\\\/de\\\/impressum\\\/#breadcrumb\",\"itemListElement\":[{\"@type\":\"ListItem\",\"position\":1,\"name\":\"Home\",\"item\":\"https:\\\/\\\/www.beachfrontibiza.com\\\/de\\\/homepage\\\/\"},{\"@type\":\"ListItem\",\"position\":2,\"name\":\"Impressum\"}]},{\"@type\":\"WebSite\",\"@id\":\"https:\\\/\\\/www.beachfrontibiza.com\\\/#website\",\"url\":\"https:\\\/\\\/www.beachfrontibiza.com\\\/\",\"name\":\"Beachfront Ibiza\",\"description\":\"real estate ibiza\",\"publisher\":{\"@id\":\"https:\\\/\\\/www.beachfrontibiza.com\\\/#organization\"},\"alternateName\":\"b\",\"potentialAction\":[{\"@type\":\"SearchAction\",\"target\":{\"@type\":\"EntryPoint\",\"urlTemplate\":\"https:\\\/\\\/www.beachfrontibiza.com\\\/?s={search_term_string}\"},\"query-input\":{\"@type\":\"PropertyValueSpecification\",\"valueRequired\":true,\"valueName\":\"search_term_string\"}}],\"inLanguage\":\"de\"},{\"@type\":\"Organization\",\"@id\":\"https:\\\/\\\/www.beachfrontibiza.com\\\/#organization\",\"name\":\"Beachfront Ibiza\",\"url\":\"https:\\\/\\\/www.beachfrontibiza.com\\\/\",\"logo\":{\"@type\":\"ImageObject\",\"inLanguage\":\"de\",\"@id\":\"https:\\\/\\\/www.beachfrontibiza.com\\\/#\\\/schema\\\/logo\\\/image\\\/\",\"url\":\"https:\\\/\\\/www.beachfrontibiza.com\\\/wp-content\\\/uploads\\\/2026\\\/03\\\/logo.png\",\"contentUrl\":\"https:\\\/\\\/www.beachfrontibiza.com\\\/wp-content\\\/uploads\\\/2026\\\/03\\\/logo.png\",\"width\":512,\"height\":512,\"caption\":\"Beachfront Ibiza\"},\"image\":{\"@id\":\"https:\\\/\\\/www.beachfrontibiza.com\\\/#\\\/schema\\\/logo\\\/image\\\/\"},\"sameAs\":[\"https:\\\/\\\/facebook.com\\\/beachfrontibiza\",\"https:\\\/\\\/www.instagram.com\\\/beachfront_ibiza\\\/\",\"https:\\\/\\\/uk.pinterest.com\\\/beachfrontibiza\\\/_created\\\/\",\"https:\\\/\\\/www.tiktok.com\\\/@beachfront.ibiza?lang=en\"]}]}<\/script>\n<!-- \/ Yoast SEO plugin. -->","yoast_head_json":{"title":"Impressum - Beachfront Ibiza","robots":{"index":"index","follow":"follow","max-snippet":"max-snippet:-1","max-image-preview":"max-image-preview:large","max-video-preview":"max-video-preview:-1"},"canonical":"https:\/\/www.beachfrontibiza.com\/de\/impressum\/","og_locale":"de_DE","og_type":"article","og_title":"Impressum - Beachfront Ibiza","og_description":"[vc_row][vc_column][vc_column_text css=&#8220;.vc_custom_1769590908133{margin-right: 300px !important;margin-left: 300px !important;}&#8220;] BEACHFRONT IMPRESSUM \/ RECHTLICHER HINWEIS Firmenname: Beachfront Development S.L. Rechtsform: Sociedad Limitada (S.L.) Eingetragener Firmensitz: Calle de les Estrelles, 10 07840 Santa Eul\u00e0ria des Riu Ibiza, Balearische Inseln Spanien Steuer- \/ USt-Nr.: B16562506 Handelsregister: Eingetragen im Handelsregister von Ibiza Band 329, Buch 327, Blatt 202, Abschnitt 8, Eintrag IB-15271 [&hellip;]","og_url":"https:\/\/www.beachfrontibiza.com\/de\/impressum\/","og_site_name":"Beachfront Ibiza","article_publisher":"https:\/\/facebook.com\/beachfrontibiza","article_modified_time":"2026-02-04T17:12:27+00:00","og_image":[{"width":512,"height":512,"url":"https:\/\/www.beachfrontibiza.com\/wp-content\/uploads\/2026\/03\/logo.png","type":"image\/png"}],"twitter_card":"summary_large_image","twitter_misc":{"Gesch\u00e4tzte Lesezeit":"1\u00a0Minute"},"schema":{"@context":"https:\/\/schema.org","@graph":[{"@type":"WebPage","@id":"https:\/\/www.beachfrontibiza.com\/de\/impressum\/","url":"https:\/\/www.beachfrontibiza.com\/de\/impressum\/","name":"Impressum - Beachfront Ibiza","isPartOf":{"@id":"https:\/\/www.beachfrontibiza.com\/#website"},"datePublished":"2025-11-04T14:35:10+00:00","dateModified":"2026-02-04T17:12:27+00:00","breadcrumb":{"@id":"https:\/\/www.beachfrontibiza.com\/de\/impressum\/#breadcrumb"},"inLanguage":"de","potentialAction":[{"@type":"ReadAction","target":["https:\/\/www.beachfrontibiza.com\/de\/impressum\/"]}]},{"@type":"BreadcrumbList","@id":"https:\/\/www.beachfrontibiza.com\/de\/impressum\/#breadcrumb","itemListElement":[{"@type":"ListItem","position":1,"name":"Home","item":"https:\/\/www.beachfrontibiza.com\/de\/homepage\/"},{"@type":"ListItem","position":2,"name":"Impressum"}]},{"@type":"WebSite","@id":"https:\/\/www.beachfrontibiza.com\/#website","url":"https:\/\/www.beachfrontibiza.com\/","name":"Beachfront Ibiza","description":"real estate ibiza","publisher":{"@id":"https:\/\/www.beachfrontibiza.com\/#organization"},"alternateName":"b","potentialAction":[{"@type":"SearchAction","target":{"@type":"EntryPoint","urlTemplate":"https:\/\/www.beachfrontibiza.com\/?s={search_term_string}"},"query-input":{"@type":"PropertyValueSpecification","valueRequired":true,"valueName":"search_term_string"}}],"inLanguage":"de"},{"@type":"Organization","@id":"https:\/\/www.beachfrontibiza.com\/#organization","name":"Beachfront Ibiza","url":"https:\/\/www.beachfrontibiza.com\/","logo":{"@type":"ImageObject","inLanguage":"de","@id":"https:\/\/www.beachfrontibiza.com\/#\/schema\/logo\/image\/","url":"https:\/\/www.beachfrontibiza.com\/wp-content\/uploads\/2026\/03\/logo.png","contentUrl":"https:\/\/www.beachfrontibiza.com\/wp-content\/uploads\/2026\/03\/logo.png","width":512,"height":512,"caption":"Beachfront Ibiza"},"image":{"@id":"https:\/\/www.beachfrontibiza.com\/#\/schema\/logo\/image\/"},"sameAs":["https:\/\/facebook.com\/beachfrontibiza","https:\/\/www.instagram.com\/beachfront_ibiza\/","https:\/\/uk.pinterest.com\/beachfrontibiza\/_created\/","https:\/\/www.tiktok.com\/@beachfront.ibiza?lang=en"]}]}},"jetpack_sharing_enabled":true,"_links":{"self":[{"href":"https:\/\/www.beachfrontibiza.com\/de\/wp-json\/wp\/v2\/pages\/2179","targetHints":{"allow":["GET"]}}],"collection":[{"href":"https:\/\/www.beachfrontibiza.com\/de\/wp-json\/wp\/v2\/pages"}],"about":[{"href":"https:\/\/www.beachfrontibiza.com\/de\/wp-json\/wp\/v2\/types\/page"}],"author":[{"embeddable":true,"href":"https:\/\/www.beachfrontibiza.com\/de\/wp-json\/wp\/v2\/users\/1"}],"replies":[{"embeddable":true,"href":"https:\/\/www.beachfrontibiza.com\/de\/wp-json\/wp\/v2\/comments?post=2179"}],"version-history":[{"count":11,"href":"https:\/\/www.beachfrontibiza.com\/de\/wp-json\/wp\/v2\/pages\/2179\/revisions"}],"predecessor-version":[{"id":6178,"href":"https:\/\/www.beachfrontibiza.com\/de\/wp-json\/wp\/v2\/pages\/2179\/revisions\/6178"}],"wp:attachment":[{"href":"https:\/\/www.beachfrontibiza.com\/de\/wp-json\/wp\/v2\/media?parent=2179"}],"curies":[{"name":"wp","href":"https:\/\/api.w.org\/{rel}","templated":true}]}}