{"id":1088,"date":"2025-07-07T10:24:34","date_gmt":"2025-07-07T10:24:34","guid":{"rendered":"https:\/\/trigger.agency\/clients\/beach\/about\/"},"modified":"2026-02-27T20:45:26","modified_gmt":"2026-02-27T20:45:26","slug":"about","status":"publish","type":"page","link":"https:\/\/www.beachfrontibiza.com\/es\/about\/","title":{"rendered":"Acerca de"},"content":{"rendered":"<div class=\"wpb-content-wrapper\"><p>[vc_row][vc_column]<section class=\"beach-image-text-2\"><div class=\"beach-image-text-2-inner\" style=\"background-color:#4C4C4D\"><div class=\"container\"><div class=\"content\"><div class=\"image\"><img decoding=\"async\" src=\"https:\/\/www.beachfrontibiza.com\/wp-content\/uploads\/2026\/01\/BErni-Niki-Homepage-1.jpg\"><\/div><div class=\"texts\"><h2 class=\"title\" style=\"color: #E9E5E3\">Qui\u00e9nes somos<\/h2><div class=\"text\" style=\"color: #E9E5E3\">Beachfront Ibiza es una empresa de desarrollo inmobiliario de lujo con amplia experiencia, especializada en proyectos inmobiliarios prime en Ibiza.<\/p>\n<p>Beachfront Development S.L. fue creada y fundada por Niki Helletzgruber en 2016, quien comenz\u00f3 a desarrollar sus propios proyectos inmobiliarios en la m\u00e1gica isla de Ibiza en 2009.<\/p>\n<p>La empresa est\u00e1 dirigida por Niki Helletzgruber y su equipo profesional, que cuenta con una s\u00f3lida y amplia trayectoria en el desarrollo inmobiliario en Ibiza, Austria y Rusia.<\/div><\/div><\/div><\/div><\/div><\/section>[\/vc_column][\/vc_row][vc_row][vc_column]<section class=\"beach-image-text-2\"><div class=\"beach-image-text-2-inner\" style=\"background-color:\"><div class=\"container\"><div class=\"content\"><div class=\"image\"><img decoding=\"async\" src=\"https:\/\/www.beachfrontibiza.com\/wp-content\/uploads\/2025\/07\/SargantanaA8713-scaled.jpg\"><\/div><div class=\"texts\"><h2 class=\"title\" style=\"color: \">Beachfront Ibiza<\/h2><div class=\"text\" style=\"color: \">Beachfront Ibiza es un promotor inmobiliario y agencia inmobiliaria de propiedad privada, dedicada al segmento residencial m\u00e1s exclusivo de Ibiza. Desde 2016 dise\u00f1amos, desarrollamos y comercializamos villas a medida frente al mar y en ubicaciones elevadas, cumpliendo con los est\u00e1ndares de una clientela internacional.<\/p>\n<p>Adem\u00e1s de nuestros propios desarrollos, asesoramos en procesos de adquisici\u00f3n, gestionamos alquileres de temporada y mantenemos una cartera discreta de propiedades off-market, disponibles exclusivamente para nuestros clientes. Desde la due diligence legal y la planificaci\u00f3n arquitect\u00f3nica hasta la gesti\u00f3n a largo plazo, Beachfront Ibiza ofrece un servicio integral y confidencial para la compra, alquiler o desarrollo de viviendas de lujo en Ibiza.<\/div><\/div><\/div><\/div><\/div><\/section>[\/vc_column][vc_column]<section class=\"beach-links\"><div class=\"beach-links-inner\"><div class=\"container\"><div class=\"content\"><h4 class=\"title\">Servicios<\/h4><div class=\"links\"><a href=\"https:\/\/www.beachfrontibiza.com\/es\/rentals\/\">VACATION RENTALS<\/a><a href=\"https:\/\/www.beachfrontibiza.com\/es\/sales\/\">LUXURY SALES<\/a><a href=\"https:\/\/www.beachfrontibiza.com\/es\/development\/\">DEVELOPMENT<\/a><\/div><\/div><\/div><\/div><\/section>[\/vc_column][\/vc_row][vc_row][vc_column]<section class=\"beach-image-action\"><div class=\"beach-image-action-inner\"><div class=\"container\"><div class=\"content\" style=\"background-color: \"><div class=\"bg-image\" style=\"background-image: url(https:\/\/www.beachfrontibiza.com\/wp-content\/uploads\/2025\/07\/Can-Gira_200703_19_2500px.jpg)\"><\/div><h2 class=\"title\">OUR PORTFOLIO<\/h2><div class=\"description\"><\/div><a href=\"https:\/\/www.beachfrontibiza.com\/es\/development\/\" class=\"read-more\">SEE OUR WORK<\/a><div class=\"sell-trigger-btn btn-popup\">Want to sell?<\/div><\/div><\/div><\/div><\/section>[\/vc_column][\/vc_row]<\/p>\n<\/div>","protected":false},"excerpt":{"rendered":"<p>[vc_row][vc_column][\/vc_column][\/vc_row][vc_row][vc_column][\/vc_column][vc_column][\/vc_column][\/vc_row][vc_row][vc_column][\/vc_column][\/vc_row]<\/p>\n","protected":false},"author":1,"featured_media":0,"parent":0,"menu_order":2,"comment_status":"closed","ping_status":"closed","template":"","meta":{"inline_featured_image":false,"footnotes":""},"class_list":["post-1088","page","type-page","status-publish","hentry"],"acf":[],"yoast_head":"<!-- This site is optimized with the Yoast SEO plugin v27.4 - https:\/\/yoast.com\/product\/yoast-seo-wordpress\/ -->\n<title>Acerca de - Beachfront Ibiza<\/title>\n<meta name=\"robots\" content=\"index, follow, max-snippet:-1, max-image-preview:large, max-video-preview:-1\" \/>\n<link rel=\"canonical\" href=\"https:\/\/www.beachfrontibiza.com\/es\/about\/\" \/>\n<meta property=\"og:locale\" content=\"es_ES\" \/>\n<meta property=\"og:type\" content=\"article\" \/>\n<meta property=\"og:title\" content=\"Acerca de - Beachfront Ibiza\" \/>\n<meta property=\"og:description\" content=\"[vc_row][vc_column][\/vc_column][\/vc_row][vc_row][vc_column][\/vc_column][vc_column][\/vc_column][\/vc_row][vc_row][vc_column][\/vc_column][\/vc_row]\" \/>\n<meta property=\"og:url\" content=\"https:\/\/www.beachfrontibiza.com\/es\/about\/\" \/>\n<meta property=\"og:site_name\" content=\"Beachfront Ibiza\" \/>\n<meta property=\"article:publisher\" content=\"https:\/\/facebook.com\/beachfrontibiza\" \/>\n<meta property=\"article:modified_time\" content=\"2026-02-27T20:45:26+00:00\" \/>\n<meta property=\"og:image\" content=\"https:\/\/www.beachfrontibiza.com\/wp-content\/uploads\/2026\/03\/logo.png\" \/>\n\t<meta property=\"og:image:width\" content=\"512\" \/>\n\t<meta property=\"og:image:height\" content=\"512\" \/>\n\t<meta property=\"og:image:type\" content=\"image\/png\" \/>\n<meta name=\"twitter:card\" content=\"summary_large_image\" \/>\n<meta name=\"twitter:label1\" content=\"Tiempo de lectura\" \/>\n\t<meta name=\"twitter:data1\" content=\"2 minutos\" \/>\n<script type=\"application\/ld+json\" class=\"yoast-schema-graph\">{\"@context\":\"https:\\\/\\\/schema.org\",\"@graph\":[{\"@type\":\"WebPage\",\"@id\":\"https:\\\/\\\/www.beachfrontibiza.com\\\/es\\\/about\\\/\",\"url\":\"https:\\\/\\\/www.beachfrontibiza.com\\\/es\\\/about\\\/\",\"name\":\"Acerca de - Beachfront Ibiza\",\"isPartOf\":{\"@id\":\"https:\\\/\\\/www.beachfrontibiza.com\\\/#website\"},\"datePublished\":\"2025-07-07T10:24:34+00:00\",\"dateModified\":\"2026-02-27T20:45:26+00:00\",\"breadcrumb\":{\"@id\":\"https:\\\/\\\/www.beachfrontibiza.com\\\/es\\\/about\\\/#breadcrumb\"},\"inLanguage\":\"es\",\"potentialAction\":[{\"@type\":\"ReadAction\",\"target\":[\"https:\\\/\\\/www.beachfrontibiza.com\\\/es\\\/about\\\/\"]}]},{\"@type\":\"BreadcrumbList\",\"@id\":\"https:\\\/\\\/www.beachfrontibiza.com\\\/es\\\/about\\\/#breadcrumb\",\"itemListElement\":[{\"@type\":\"ListItem\",\"position\":1,\"name\":\"Home\",\"item\":\"https:\\\/\\\/www.beachfrontibiza.com\\\/es\\\/homepage\\\/\"},{\"@type\":\"ListItem\",\"position\":2,\"name\":\"Acerca de\"}]},{\"@type\":\"WebSite\",\"@id\":\"https:\\\/\\\/www.beachfrontibiza.com\\\/#website\",\"url\":\"https:\\\/\\\/www.beachfrontibiza.com\\\/\",\"name\":\"Beachfront Ibiza\",\"description\":\"real estate ibiza\",\"publisher\":{\"@id\":\"https:\\\/\\\/www.beachfrontibiza.com\\\/#organization\"},\"alternateName\":\"b\",\"potentialAction\":[{\"@type\":\"SearchAction\",\"target\":{\"@type\":\"EntryPoint\",\"urlTemplate\":\"https:\\\/\\\/www.beachfrontibiza.com\\\/?s={search_term_string}\"},\"query-input\":{\"@type\":\"PropertyValueSpecification\",\"valueRequired\":true,\"valueName\":\"search_term_string\"}}],\"inLanguage\":\"es\"},{\"@type\":\"Organization\",\"@id\":\"https:\\\/\\\/www.beachfrontibiza.com\\\/#organization\",\"name\":\"Beachfront Ibiza\",\"url\":\"https:\\\/\\\/www.beachfrontibiza.com\\\/\",\"logo\":{\"@type\":\"ImageObject\",\"inLanguage\":\"es\",\"@id\":\"https:\\\/\\\/www.beachfrontibiza.com\\\/#\\\/schema\\\/logo\\\/image\\\/\",\"url\":\"https:\\\/\\\/www.beachfrontibiza.com\\\/wp-content\\\/uploads\\\/2026\\\/03\\\/logo.png\",\"contentUrl\":\"https:\\\/\\\/www.beachfrontibiza.com\\\/wp-content\\\/uploads\\\/2026\\\/03\\\/logo.png\",\"width\":512,\"height\":512,\"caption\":\"Beachfront Ibiza\"},\"image\":{\"@id\":\"https:\\\/\\\/www.beachfrontibiza.com\\\/#\\\/schema\\\/logo\\\/image\\\/\"},\"sameAs\":[\"https:\\\/\\\/facebook.com\\\/beachfrontibiza\",\"https:\\\/\\\/www.instagram.com\\\/beachfront_ibiza\\\/\",\"https:\\\/\\\/uk.pinterest.com\\\/beachfrontibiza\\\/_created\\\/\",\"https:\\\/\\\/www.tiktok.com\\\/@beachfront.ibiza?lang=en\"]}]}<\/script>\n<!-- \/ Yoast SEO plugin. -->","yoast_head_json":{"title":"Acerca de - Beachfront Ibiza","robots":{"index":"index","follow":"follow","max-snippet":"max-snippet:-1","max-image-preview":"max-image-preview:large","max-video-preview":"max-video-preview:-1"},"canonical":"https:\/\/www.beachfrontibiza.com\/es\/about\/","og_locale":"es_ES","og_type":"article","og_title":"Acerca de - Beachfront Ibiza","og_description":"[vc_row][vc_column][\/vc_column][\/vc_row][vc_row][vc_column][\/vc_column][vc_column][\/vc_column][\/vc_row][vc_row][vc_column][\/vc_column][\/vc_row]","og_url":"https:\/\/www.beachfrontibiza.com\/es\/about\/","og_site_name":"Beachfront Ibiza","article_publisher":"https:\/\/facebook.com\/beachfrontibiza","article_modified_time":"2026-02-27T20:45:26+00:00","og_image":[{"width":512,"height":512,"url":"https:\/\/www.beachfrontibiza.com\/wp-content\/uploads\/2026\/03\/logo.png","type":"image\/png"}],"twitter_card":"summary_large_image","twitter_misc":{"Tiempo de lectura":"2 minutos"},"schema":{"@context":"https:\/\/schema.org","@graph":[{"@type":"WebPage","@id":"https:\/\/www.beachfrontibiza.com\/es\/about\/","url":"https:\/\/www.beachfrontibiza.com\/es\/about\/","name":"Acerca de - Beachfront Ibiza","isPartOf":{"@id":"https:\/\/www.beachfrontibiza.com\/#website"},"datePublished":"2025-07-07T10:24:34+00:00","dateModified":"2026-02-27T20:45:26+00:00","breadcrumb":{"@id":"https:\/\/www.beachfrontibiza.com\/es\/about\/#breadcrumb"},"inLanguage":"es","potentialAction":[{"@type":"ReadAction","target":["https:\/\/www.beachfrontibiza.com\/es\/about\/"]}]},{"@type":"BreadcrumbList","@id":"https:\/\/www.beachfrontibiza.com\/es\/about\/#breadcrumb","itemListElement":[{"@type":"ListItem","position":1,"name":"Home","item":"https:\/\/www.beachfrontibiza.com\/es\/homepage\/"},{"@type":"ListItem","position":2,"name":"Acerca de"}]},{"@type":"WebSite","@id":"https:\/\/www.beachfrontibiza.com\/#website","url":"https:\/\/www.beachfrontibiza.com\/","name":"Beachfront Ibiza","description":"real estate ibiza","publisher":{"@id":"https:\/\/www.beachfrontibiza.com\/#organization"},"alternateName":"b","potentialAction":[{"@type":"SearchAction","target":{"@type":"EntryPoint","urlTemplate":"https:\/\/www.beachfrontibiza.com\/?s={search_term_string}"},"query-input":{"@type":"PropertyValueSpecification","valueRequired":true,"valueName":"search_term_string"}}],"inLanguage":"es"},{"@type":"Organization","@id":"https:\/\/www.beachfrontibiza.com\/#organization","name":"Beachfront Ibiza","url":"https:\/\/www.beachfrontibiza.com\/","logo":{"@type":"ImageObject","inLanguage":"es","@id":"https:\/\/www.beachfrontibiza.com\/#\/schema\/logo\/image\/","url":"https:\/\/www.beachfrontibiza.com\/wp-content\/uploads\/2026\/03\/logo.png","contentUrl":"https:\/\/www.beachfrontibiza.com\/wp-content\/uploads\/2026\/03\/logo.png","width":512,"height":512,"caption":"Beachfront Ibiza"},"image":{"@id":"https:\/\/www.beachfrontibiza.com\/#\/schema\/logo\/image\/"},"sameAs":["https:\/\/facebook.com\/beachfrontibiza","https:\/\/www.instagram.com\/beachfront_ibiza\/","https:\/\/uk.pinterest.com\/beachfrontibiza\/_created\/","https:\/\/www.tiktok.com\/@beachfront.ibiza?lang=en"]}]}},"jetpack_sharing_enabled":true,"_links":{"self":[{"href":"https:\/\/www.beachfrontibiza.com\/es\/wp-json\/wp\/v2\/pages\/1088","targetHints":{"allow":["GET"]}}],"collection":[{"href":"https:\/\/www.beachfrontibiza.com\/es\/wp-json\/wp\/v2\/pages"}],"about":[{"href":"https:\/\/www.beachfrontibiza.com\/es\/wp-json\/wp\/v2\/types\/page"}],"author":[{"embeddable":true,"href":"https:\/\/www.beachfrontibiza.com\/es\/wp-json\/wp\/v2\/users\/1"}],"replies":[{"embeddable":true,"href":"https:\/\/www.beachfrontibiza.com\/es\/wp-json\/wp\/v2\/comments?post=1088"}],"version-history":[{"count":9,"href":"https:\/\/www.beachfrontibiza.com\/es\/wp-json\/wp\/v2\/pages\/1088\/revisions"}],"predecessor-version":[{"id":6772,"href":"https:\/\/www.beachfrontibiza.com\/es\/wp-json\/wp\/v2\/pages\/1088\/revisions\/6772"}],"wp:attachment":[{"href":"https:\/\/www.beachfrontibiza.com\/es\/wp-json\/wp\/v2\/media?parent=1088"}],"curies":[{"name":"wp","href":"https:\/\/api.w.org\/{rel}","templated":true}]}}