{"id":1104,"date":"2025-07-07T12:09:42","date_gmt":"2025-07-07T12:09:42","guid":{"rendered":"https:\/\/trigger.agency\/clients\/beach\/development\/"},"modified":"2026-02-27T20:44:22","modified_gmt":"2026-02-27T20:44:22","slug":"development","status":"publish","type":"page","link":"https:\/\/www.beachfrontibiza.com\/es\/development\/","title":{"rendered":"Desarrollo"},"content":{"rendered":"<div class=\"wpb-content-wrapper\"><p>[vc_row][vc_column]<section class=\"beach-development-hero\"><div class=\"beach-development-hero-inner\"><div class=\"content\" style=\"background-image: url(https:\/\/www.beachfrontibiza.com\/wp-content\/uploads\/2025\/07\/can-orvay_200703_34.jpg)\"><div class=\"texts text-left\"><h4 class=\"subtitle\">DESARROLLO<\/h4><h2 class=\"title\">GESTI\u00d3N DE PROPIEDADES Y PROYECTOS<\/h2><\/div><\/div><\/div><\/section>[\/vc_column][\/vc_row][vc_row][vc_column]<section class=\"beach-acc\"><div class=\"beach-acc-inner\"><div class=\"container\"><div class=\"content\"><h4 class=\"title\">DIENSTLEISTUNGEN<\/h4><div class=\"accordion\"><div class=\"acc-item\"><div class=\"acc-title\">GESTI\u00d3N DE PROYECTOS<\/div><div class=\"acc-text\">Gestionamos proyectos de desarrollo residencial desde el concepto inicial hasta la entrega final. Actuando como su \u00fanico punto de coordinaci\u00f3n, supervisamos la planificaci\u00f3n, la elaboraci\u00f3n de presupuestos, los consultores, los socios de construcci\u00f3n y las autoridades para garantizar la claridad, el control y la ejecuci\u00f3n de alta calidad en cada etapa.<\/div><\/div><div class=\"acc-item\"><div class=\"acc-title\">NUEVA CONSTRUCCI\u00d3N Y DESARROLLO<\/div><div class=\"acc-text\">Entregamos villas y urbanizaciones residenciales de nueva construcci\u00f3n a medida, guiando el proceso desde la evaluaci\u00f3n del terreno y la obtenci\u00f3n de permisos hasta la construcci\u00f3n y la entrega. Cada proyecto se ejecuta prestando especial atenci\u00f3n a la integridad arquitect\u00f3nica, la calidad de la construcci\u00f3n y el valor a largo plazo.<\/div><\/div><div class=\"acc-item\"><div class=\"acc-title\">REMODELACI\u00d3N Y REPOSICIONAMIENTO<\/div><div class=\"acc-text\">Reposicionamos propiedades existentes mediante reformas cuidadosamente planificadas que mejoran el dise\u00f1o, la funcionalidad y el valor de mercado. Desde mejoras espec\u00edficas hasta transformaciones a gran escala, combinamos la visi\u00f3n creativa con la ejecuci\u00f3n t\u00e9cnica para lograr resultados refinados y preparados para el futuro.<\/div><\/div><\/div><\/div><\/div><\/div><\/section>[\/vc_column][\/vc_row][vc_row][vc_column]<section class=\"beach-image-action\"><div class=\"beach-image-action-inner\"><div class=\"container\"><div class=\"content\" style=\"background-color: #D2C3BA\"><h2 class=\"title\">\u00bfPLANIFICANDO UN PROYECTO?<\/h2><div class=\"description\"><\/div><a href=\"https:\/\/www.beachfrontibiza.com\/es\/development\/\" class=\"read-more\">HABLEMOS<\/a><div class=\"sell-trigger-btn btn-popup\">Want to sell?<\/div><\/div><\/div><\/div><\/section>[\/vc_column][\/vc_row][vc_row][vc_column]<section class=\"beach-portfolio\"><div class=\"beach-portfolio-inner\"><div class=\"container\"><div class=\"content\"><div class=\"portfolio-actions\"><div class=\"login\"><a href=\"#\">Member Area<\/a><\/div><div>Category Filter<\/div><\/div><div class=\"portfolio\"><a href=\"https:\/\/www.beachfrontibiza.com\/es\/portfolio\/villa-esteban-2\/\" class=\"portfolio-item\" style=\"background-image: url(https:\/\/www.beachfrontibiza.com\/wp-content\/uploads\/2025\/11\/DJI_0587-1.jpg)\"><div class=\"portfolio-name\">Villa Esteban<\/div><div class=\"portfolio-type\">Desarrollo<\/div><div class=\"portfolio-info\"><\/div><\/a><a href=\"https:\/\/www.beachfrontibiza.com\/es\/portfolio\/can-gira-2\/\" class=\"portfolio-item\" style=\"background-image: url(https:\/\/www.beachfrontibiza.com\/wp-content\/uploads\/2025\/11\/DJI_0528.jpg)\"><div class=\"portfolio-name\">Can Gira<\/div><div class=\"portfolio-type\">Desarrollo<\/div><div class=\"portfolio-info\"><\/div><\/a><a href=\"https:\/\/www.beachfrontibiza.com\/es\/portfolio\/can-nebu-2\/\" class=\"portfolio-item\" style=\"background-image: url(https:\/\/www.beachfrontibiza.com\/wp-content\/uploads\/2026\/01\/Picture1-scaled.jpg)\"><div class=\"portfolio-name\">Can Nebu<\/div><div class=\"portfolio-type\">Desarrollo<\/div><div class=\"portfolio-info\"><\/div><\/a><a href=\"https:\/\/www.beachfrontibiza.com\/es\/portfolio\/tres-vistas-2\/\" class=\"portfolio-item\" style=\"background-image: url(https:\/\/www.beachfrontibiza.com\/wp-content\/uploads\/2025\/11\/DJI_20241229015137_0001_D-1.jpg)\"><div class=\"portfolio-name\">Tres Vistas<\/div><div class=\"portfolio-type\">Desarrollo<\/div><div class=\"portfolio-info\"><\/div><\/a><a href=\"https:\/\/www.beachfrontibiza.com\/es\/portfolio\/can-nima-2\/\" class=\"portfolio-item\" style=\"background-image: url(https:\/\/www.beachfrontibiza.com\/wp-content\/uploads\/2025\/11\/1-scaled.jpg)\"><div class=\"portfolio-name\">Can Nima<\/div><div class=\"portfolio-type\">Desarrollo<\/div><div class=\"portfolio-info\"><\/div><\/a><a href=\"https:\/\/www.beachfrontibiza.com\/es\/portfolio\/pura-vista-2\/\" class=\"portfolio-item\" style=\"background-image: url(https:\/\/www.beachfrontibiza.com\/wp-content\/uploads\/2025\/11\/DSC8023-HDR-1.jpg)\"><div class=\"portfolio-name\">Pura Vista<\/div><div class=\"portfolio-type\">Desarrollo<\/div><div class=\"portfolio-info\"><\/div><\/a><a href=\"https:\/\/www.beachfrontibiza.com\/es\/portfolio\/limoneros\/\" class=\"portfolio-item\" style=\"background-image: url(https:\/\/www.beachfrontibiza.com\/wp-content\/uploads\/2026\/01\/Limoneros_nuevo-Vista-3D-3D_View-0_5.jpg)\"><div class=\"portfolio-name\">Limoneros<\/div><div class=\"portfolio-type\">Desarrollo<\/div><div class=\"portfolio-info\"><\/div><\/a><a href=\"https:\/\/www.beachfrontibiza.com\/es\/portfolio\/can-bosch\/\" class=\"portfolio-item\" style=\"background-image: url(https:\/\/www.beachfrontibiza.com\/wp-content\/uploads\/2026\/01\/Picture5.jpg)\"><div class=\"portfolio-name\">Can Bosch<\/div><div class=\"portfolio-type\">Desarrollo<\/div><div class=\"portfolio-info\"><\/div><\/a><a href=\"https:\/\/www.beachfrontibiza.com\/es\/portfolio\/villa-vista-alegre\/\" class=\"portfolio-item\" style=\"background-image: url(https:\/\/www.beachfrontibiza.com\/wp-content\/uploads\/2026\/01\/Picture1.png)\"><div class=\"portfolio-name\">Villa Vista Alegre<\/div><div class=\"portfolio-type\">Desarrollo<\/div><div class=\"portfolio-info\"><\/div><\/a><\/div><\/div><\/div><\/div><\/section>[\/vc_column][\/vc_row]<\/p>\n<\/div>","protected":false},"excerpt":{"rendered":"<p>[vc_row][vc_column][\/vc_column][\/vc_row][vc_row][vc_column][\/vc_column][\/vc_row][vc_row][vc_column][\/vc_column][\/vc_row][vc_row][vc_column][\/vc_column][\/vc_row]<\/p>\n","protected":false},"author":1,"featured_media":0,"parent":0,"menu_order":9,"comment_status":"closed","ping_status":"closed","template":"","meta":{"inline_featured_image":false,"footnotes":""},"class_list":["post-1104","page","type-page","status-publish","hentry"],"acf":[],"yoast_head":"<!-- This site is optimized with the Yoast SEO plugin v27.4 - https:\/\/yoast.com\/product\/yoast-seo-wordpress\/ -->\n<title>Desarrollo - Beachfront Ibiza<\/title>\n<meta name=\"robots\" content=\"index, follow, max-snippet:-1, max-image-preview:large, max-video-preview:-1\" \/>\n<link rel=\"canonical\" href=\"https:\/\/www.beachfrontibiza.com\/es\/development\/\" \/>\n<meta property=\"og:locale\" content=\"es_ES\" \/>\n<meta property=\"og:type\" content=\"article\" \/>\n<meta property=\"og:title\" content=\"Desarrollo - Beachfront Ibiza\" \/>\n<meta property=\"og:description\" content=\"[vc_row][vc_column][\/vc_column][\/vc_row][vc_row][vc_column][\/vc_column][\/vc_row][vc_row][vc_column][\/vc_column][\/vc_row][vc_row][vc_column][\/vc_column][\/vc_row]\" \/>\n<meta property=\"og:url\" content=\"https:\/\/www.beachfrontibiza.com\/es\/development\/\" \/>\n<meta property=\"og:site_name\" content=\"Beachfront Ibiza\" \/>\n<meta property=\"article:publisher\" content=\"https:\/\/facebook.com\/beachfrontibiza\" \/>\n<meta property=\"article:modified_time\" content=\"2026-02-27T20:44:22+00:00\" \/>\n<meta property=\"og:image\" content=\"https:\/\/www.beachfrontibiza.com\/wp-content\/uploads\/2026\/03\/logo.png\" \/>\n\t<meta property=\"og:image:width\" content=\"512\" \/>\n\t<meta property=\"og:image:height\" content=\"512\" \/>\n\t<meta property=\"og:image:type\" content=\"image\/png\" \/>\n<meta name=\"twitter:card\" content=\"summary_large_image\" \/>\n<meta name=\"twitter:label1\" content=\"Tiempo de lectura\" \/>\n\t<meta name=\"twitter:data1\" content=\"2 minutos\" \/>\n<script type=\"application\/ld+json\" class=\"yoast-schema-graph\">{\"@context\":\"https:\\\/\\\/schema.org\",\"@graph\":[{\"@type\":\"WebPage\",\"@id\":\"https:\\\/\\\/www.beachfrontibiza.com\\\/es\\\/development\\\/\",\"url\":\"https:\\\/\\\/www.beachfrontibiza.com\\\/es\\\/development\\\/\",\"name\":\"Desarrollo - Beachfront Ibiza\",\"isPartOf\":{\"@id\":\"https:\\\/\\\/www.beachfrontibiza.com\\\/#website\"},\"datePublished\":\"2025-07-07T12:09:42+00:00\",\"dateModified\":\"2026-02-27T20:44:22+00:00\",\"breadcrumb\":{\"@id\":\"https:\\\/\\\/www.beachfrontibiza.com\\\/es\\\/development\\\/#breadcrumb\"},\"inLanguage\":\"es\",\"potentialAction\":[{\"@type\":\"ReadAction\",\"target\":[\"https:\\\/\\\/www.beachfrontibiza.com\\\/es\\\/development\\\/\"]}]},{\"@type\":\"BreadcrumbList\",\"@id\":\"https:\\\/\\\/www.beachfrontibiza.com\\\/es\\\/development\\\/#breadcrumb\",\"itemListElement\":[{\"@type\":\"ListItem\",\"position\":1,\"name\":\"Home\",\"item\":\"https:\\\/\\\/www.beachfrontibiza.com\\\/es\\\/homepage\\\/\"},{\"@type\":\"ListItem\",\"position\":2,\"name\":\"Desarrollo\"}]},{\"@type\":\"WebSite\",\"@id\":\"https:\\\/\\\/www.beachfrontibiza.com\\\/#website\",\"url\":\"https:\\\/\\\/www.beachfrontibiza.com\\\/\",\"name\":\"Beachfront Ibiza\",\"description\":\"real estate ibiza\",\"publisher\":{\"@id\":\"https:\\\/\\\/www.beachfrontibiza.com\\\/#organization\"},\"alternateName\":\"b\",\"potentialAction\":[{\"@type\":\"SearchAction\",\"target\":{\"@type\":\"EntryPoint\",\"urlTemplate\":\"https:\\\/\\\/www.beachfrontibiza.com\\\/?s={search_term_string}\"},\"query-input\":{\"@type\":\"PropertyValueSpecification\",\"valueRequired\":true,\"valueName\":\"search_term_string\"}}],\"inLanguage\":\"es\"},{\"@type\":\"Organization\",\"@id\":\"https:\\\/\\\/www.beachfrontibiza.com\\\/#organization\",\"name\":\"Beachfront Ibiza\",\"url\":\"https:\\\/\\\/www.beachfrontibiza.com\\\/\",\"logo\":{\"@type\":\"ImageObject\",\"inLanguage\":\"es\",\"@id\":\"https:\\\/\\\/www.beachfrontibiza.com\\\/#\\\/schema\\\/logo\\\/image\\\/\",\"url\":\"https:\\\/\\\/www.beachfrontibiza.com\\\/wp-content\\\/uploads\\\/2026\\\/03\\\/logo.png\",\"contentUrl\":\"https:\\\/\\\/www.beachfrontibiza.com\\\/wp-content\\\/uploads\\\/2026\\\/03\\\/logo.png\",\"width\":512,\"height\":512,\"caption\":\"Beachfront Ibiza\"},\"image\":{\"@id\":\"https:\\\/\\\/www.beachfrontibiza.com\\\/#\\\/schema\\\/logo\\\/image\\\/\"},\"sameAs\":[\"https:\\\/\\\/facebook.com\\\/beachfrontibiza\",\"https:\\\/\\\/www.instagram.com\\\/beachfront_ibiza\\\/\",\"https:\\\/\\\/uk.pinterest.com\\\/beachfrontibiza\\\/_created\\\/\",\"https:\\\/\\\/www.tiktok.com\\\/@beachfront.ibiza?lang=en\"]}]}<\/script>\n<!-- \/ Yoast SEO plugin. -->","yoast_head_json":{"title":"Desarrollo - Beachfront Ibiza","robots":{"index":"index","follow":"follow","max-snippet":"max-snippet:-1","max-image-preview":"max-image-preview:large","max-video-preview":"max-video-preview:-1"},"canonical":"https:\/\/www.beachfrontibiza.com\/es\/development\/","og_locale":"es_ES","og_type":"article","og_title":"Desarrollo - Beachfront Ibiza","og_description":"[vc_row][vc_column][\/vc_column][\/vc_row][vc_row][vc_column][\/vc_column][\/vc_row][vc_row][vc_column][\/vc_column][\/vc_row][vc_row][vc_column][\/vc_column][\/vc_row]","og_url":"https:\/\/www.beachfrontibiza.com\/es\/development\/","og_site_name":"Beachfront Ibiza","article_publisher":"https:\/\/facebook.com\/beachfrontibiza","article_modified_time":"2026-02-27T20:44:22+00:00","og_image":[{"width":512,"height":512,"url":"https:\/\/www.beachfrontibiza.com\/wp-content\/uploads\/2026\/03\/logo.png","type":"image\/png"}],"twitter_card":"summary_large_image","twitter_misc":{"Tiempo de lectura":"2 minutos"},"schema":{"@context":"https:\/\/schema.org","@graph":[{"@type":"WebPage","@id":"https:\/\/www.beachfrontibiza.com\/es\/development\/","url":"https:\/\/www.beachfrontibiza.com\/es\/development\/","name":"Desarrollo - Beachfront Ibiza","isPartOf":{"@id":"https:\/\/www.beachfrontibiza.com\/#website"},"datePublished":"2025-07-07T12:09:42+00:00","dateModified":"2026-02-27T20:44:22+00:00","breadcrumb":{"@id":"https:\/\/www.beachfrontibiza.com\/es\/development\/#breadcrumb"},"inLanguage":"es","potentialAction":[{"@type":"ReadAction","target":["https:\/\/www.beachfrontibiza.com\/es\/development\/"]}]},{"@type":"BreadcrumbList","@id":"https:\/\/www.beachfrontibiza.com\/es\/development\/#breadcrumb","itemListElement":[{"@type":"ListItem","position":1,"name":"Home","item":"https:\/\/www.beachfrontibiza.com\/es\/homepage\/"},{"@type":"ListItem","position":2,"name":"Desarrollo"}]},{"@type":"WebSite","@id":"https:\/\/www.beachfrontibiza.com\/#website","url":"https:\/\/www.beachfrontibiza.com\/","name":"Beachfront Ibiza","description":"real estate ibiza","publisher":{"@id":"https:\/\/www.beachfrontibiza.com\/#organization"},"alternateName":"b","potentialAction":[{"@type":"SearchAction","target":{"@type":"EntryPoint","urlTemplate":"https:\/\/www.beachfrontibiza.com\/?s={search_term_string}"},"query-input":{"@type":"PropertyValueSpecification","valueRequired":true,"valueName":"search_term_string"}}],"inLanguage":"es"},{"@type":"Organization","@id":"https:\/\/www.beachfrontibiza.com\/#organization","name":"Beachfront Ibiza","url":"https:\/\/www.beachfrontibiza.com\/","logo":{"@type":"ImageObject","inLanguage":"es","@id":"https:\/\/www.beachfrontibiza.com\/#\/schema\/logo\/image\/","url":"https:\/\/www.beachfrontibiza.com\/wp-content\/uploads\/2026\/03\/logo.png","contentUrl":"https:\/\/www.beachfrontibiza.com\/wp-content\/uploads\/2026\/03\/logo.png","width":512,"height":512,"caption":"Beachfront Ibiza"},"image":{"@id":"https:\/\/www.beachfrontibiza.com\/#\/schema\/logo\/image\/"},"sameAs":["https:\/\/facebook.com\/beachfrontibiza","https:\/\/www.instagram.com\/beachfront_ibiza\/","https:\/\/uk.pinterest.com\/beachfrontibiza\/_created\/","https:\/\/www.tiktok.com\/@beachfront.ibiza?lang=en"]}]}},"jetpack_sharing_enabled":true,"_links":{"self":[{"href":"https:\/\/www.beachfrontibiza.com\/es\/wp-json\/wp\/v2\/pages\/1104","targetHints":{"allow":["GET"]}}],"collection":[{"href":"https:\/\/www.beachfrontibiza.com\/es\/wp-json\/wp\/v2\/pages"}],"about":[{"href":"https:\/\/www.beachfrontibiza.com\/es\/wp-json\/wp\/v2\/types\/page"}],"author":[{"embeddable":true,"href":"https:\/\/www.beachfrontibiza.com\/es\/wp-json\/wp\/v2\/users\/1"}],"replies":[{"embeddable":true,"href":"https:\/\/www.beachfrontibiza.com\/es\/wp-json\/wp\/v2\/comments?post=1104"}],"version-history":[{"count":10,"href":"https:\/\/www.beachfrontibiza.com\/es\/wp-json\/wp\/v2\/pages\/1104\/revisions"}],"predecessor-version":[{"id":6771,"href":"https:\/\/www.beachfrontibiza.com\/es\/wp-json\/wp\/v2\/pages\/1104\/revisions\/6771"}],"wp:attachment":[{"href":"https:\/\/www.beachfrontibiza.com\/es\/wp-json\/wp\/v2\/media?parent=1104"}],"curies":[{"name":"wp","href":"https:\/\/api.w.org\/{rel}","templated":true}]}}