{"id":1120,"date":"2025-07-03T13:25:43","date_gmt":"2025-07-03T13:25:43","guid":{"rendered":"https:\/\/trigger.agency\/clients\/beach\/privacy-policy\/"},"modified":"2026-02-04T17:28:23","modified_gmt":"2026-02-04T17:28:23","slug":"privacy-policy","status":"publish","type":"page","link":"https:\/\/www.beachfrontibiza.com\/es\/privacy-policy\/","title":{"rendered":"POL\u00cdTICA DE PRIVACIDAD"},"content":{"rendered":"<div class=\"wpb-content-wrapper\"><p>[vc_row][vc_column][vc_column_text css=\u00bb\u00bb]<\/p>\n<h3 style=\"text-align: center;\">BEACHFRONT<\/h3>\n<p><\/p>\n<h1 class=\"uppercase\" style=\"text-align: center;\"><span data-text-color=\"primary\">POL\u00cdTICA DE PRIVACIDAD<\/span><\/h1>\n<p>January 2026<\/p>\n<p>Beachfront Development S.L. (\u201cBeachfront\u201d, \u201cnosotros\u201d, \u201cnos\u201d, o \u201cnuestro\u201d) se compromete a proteger la privacidad y los datos personales de sus clientes, socios y usuarios del sitio web, tanto corporativos como particulares; esto es de m\u00e1xima importancia y adoptamos medidas s\u00f3lidas en toda nuestra actividad para proteger la seguridad e integridad de toda dicha informaci\u00f3n. Esta Pol\u00edtica de Privacidad explica c\u00f3mo recopilamos, utilizamos, almacenamos y protegemos los datos personales cuando visita nuestro sitio web o interact\u00faa con nosotros. Esta pol\u00edtica se proporciona de conformidad con el Reglamento General de Protecci\u00f3n de Datos (UE) 2016\/679 (\u201cRGPD\u201d) y la legislaci\u00f3n espa\u00f1ola aplicable en materia de protecci\u00f3n de datos.<\/p>\n<p>INFORMACI\u00d3N QUE PODEMOS RECOPILAR DE USTED<br \/>Podemos recopilar y tratar la siguiente informaci\u00f3n sobre usted: informaci\u00f3n que usted proporciona al completar formularios en nuestro sitio web (www.gnibizasales.com); e informaci\u00f3n facilitada en formato f\u00edsico o por cualquier otro medio, incluyendo: su nombre; fecha de nacimiento; direcci\u00f3n; intereses; preferencias de marketing; cuando proceda, su informaci\u00f3n crediticia; y cualquier otra informaci\u00f3n personal relevante para los servicios que prestamos. Esta informaci\u00f3n puede proporcionarse cuando usted est\u00e1 registrando su inter\u00e9s, realizando transacciones con nosotros, suscribi\u00e9ndose a nuestros servicios o a boletines informativos o solicitando informaci\u00f3n; correspondencia u otros contactos que pueda tener con nosotros; detalles de transacciones que realice a trav\u00e9s de nuestro sitio web y cualquier comunicaci\u00f3n por tel\u00e9fono, en persona o por cualquier otro medio relacionada con dichas transacciones. Esto puede incluir la grabaci\u00f3n de determinadas conversaciones telef\u00f3nicas, por ejemplo, en relaci\u00f3n con pujas en directo; detalles de sus visitas a nuestro sitio web, incluyendo, entre otros, datos de tr\u00e1fico, registros web u otros datos de comunicaci\u00f3n y los recursos a los que accede. La informaci\u00f3n que usted nos proporciona se utilizar\u00e1 para procesar transacciones, pero tambi\u00e9n podr\u00e1 utilizarse para el tratamiento interno de datos, como la elaboraci\u00f3n de informaci\u00f3n estad\u00edstica sobre sus intereses y el uso de beachfrontibiza.com. Como servicio para usted, tambi\u00e9n podemos utilizar esta informaci\u00f3n para personalizar el contenido que ofrecemos en beachfrontibiza.com<\/p>\n<p>INFORMACI\u00d3N ESPEC\u00cdFICA QUE PODEMOS RECOPILAR A TRAV\u00c9S DE BEACHFRONTIBIZA.COM<br \/>Podemos recopilar y tratar la siguiente informaci\u00f3n obtenida de su uso de beachfrontibiza.com.<br \/>Cookies<br \/>Una cookie es un archivo de texto simple que se almacena en su ordenador o dispositivo m\u00f3vil por el servidor de un sitio web y solo ese servidor podr\u00e1 recuperar o leer el contenido de dicha cookie. Cada cookie es \u00fanica para su navegador web. Contendr\u00e1 informaci\u00f3n an\u00f3nima como un identificador \u00fanico, el nombre del sitio y algunos d\u00edgitos y n\u00fameros. Permite que un sitio web recuerde cosas como sus preferencias o lo que hay en su cesta de compra. El uso de nuestro sitio web dar\u00e1 lugar a que coloquemos cookies en su ordenador en las 3 categor\u00edas que se describen a continuaci\u00f3n.<br \/>Estrictamente necesarias: Estas cookies son esenciales para permitirle navegar por el sitio web y utilizar sus funciones, como acceder a \u00e1reas seguras del sitio web; muchas de las funciones de nuestro sitio web no funcionar\u00e1n correctamente, o no funcionar\u00e1n en absoluto, si no permite el uso de estas cookies. Por lo tanto, es posible que no podamos ofrecer muchos de los servicios que pueda desear solicitar a menos que acepte el uso de estas cookies.<br \/>Rendimiento: Estas cookies recopilan informaci\u00f3n sobre c\u00f3mo los visitantes usan un sitio web, por ejemplo, qu\u00e9 p\u00e1ginas visitan con mayor frecuencia. Estas cookies no recopilan informaci\u00f3n que identifique a un visitante: toda la informaci\u00f3n que recopilan estas cookies se agrega y, por lo tanto, es an\u00f3nima. La informaci\u00f3n solo se utiliza para mejorar el funcionamiento del sitio web.<br \/>Funcionalidad: Estas cookies permiten que el sitio web recuerde las elecciones que usted realiza (como su nombre de usuario, idioma o la regi\u00f3n en la que se encuentra) y proporcione funciones mejoradas y m\u00e1s personalizadas (por ejemplo, recordar cambios que haya realizado en el tama\u00f1o del texto y las fuentes).<br \/>Si reside fuera de la UE, tambi\u00e9n utilizamos un cuarto tipo de cookie para Segmentaci\u00f3n o Publicidad:<br \/>Segmentaci\u00f3n o Publicidad: En ocasiones colaboramos con terceros para ofrecer anuncios m\u00e1s relevantes y compilar estad\u00edsticas web. Estos terceros pueden utilizar cookies, balizas web y otras tecnolog\u00edas de seguimiento para monitorizar sus visitas tanto a Beachfront como a otros sitios web. Monitorizan su comportamiento online e identifican el uso del sitio web, ayudando a los anunciantes a mostrarle publicidad y contenido m\u00e1s relevantes. Algunos ejemplos de lo que hacen las cookies de Segmentaci\u00f3n y Publicidad:<br \/>Proporcionar a los anunciantes informaci\u00f3n sobre su visita a nuestros sitios web para que puedan mostrarle publicidad relevante.<br \/>Limitar el n\u00famero de veces que ve un anuncio.<br \/>Ayudar a medir la eficacia de una campa\u00f1a publicitaria.<br \/>No se preocupe: ninguna de estas cookies almacena informaci\u00f3n personal identificable y solo utilizamos socios publicitarios de confianza. Para su informaci\u00f3n, estos terceros tendr\u00e1n sus propias pol\u00edticas de privacidad y pueden ser diferentes de la nuestra.<\/p>\n<p>DIRECCI\u00d3N IP<br \/>Podemos recopilar informaci\u00f3n sobre su ordenador, incluyendo su direcci\u00f3n de Internet, sistema operativo y tipo de navegador cuando nos visita. Su direcci\u00f3n de Internet se utiliza para ayudar a identificar y recopilar informaci\u00f3n estad\u00edstica o demogr\u00e1fica sobre nuestros clientes en general. Tambi\u00e9n utilizamos esta informaci\u00f3n para la administraci\u00f3n interna del sistema, para ayudar a diagnosticar problemas con nuestros servidores, para administrar nuestro sitio web y la experiencia del cliente o usuario.<\/p>\n<p>\u00bfC\u00d3MO SE UTILIZA ESTA INFORMACI\u00d3N PERSONAL?<br \/>Beachfront recopilar\u00e1, registrar\u00e1, almacenar\u00e1 y utilizar\u00e1 sus datos personales a nivel mundial dentro de Beachfront para fines claramente especificados, incluyendo, entre otros:<br \/>proporcionarle informaci\u00f3n, productos o servicios que usted nos solicite o que creamos que podr\u00edan interesarle de forma dirigida y relevante. Esto podr\u00eda incluir, entre otros, subastas, ventas privadas y valoraciones, bienes inmuebles;<br \/>cumplir con nuestras obligaciones derivadas de cualquier contrato celebrado entre usted y nosotros;<br \/>notificarle cambios en nuestros productos y servicios;<br \/>garantizar que nuestro sitio web se presente de la manera m\u00e1s eficaz para usted y su ordenador<br \/>vender o comprar propiedades o servicios (a menos que usted se oponga), informarle sobre pr\u00f3ximas ventas, eventos y servicios.<br \/>Podemos contactar con usted para los fines anteriores mediante llamada telef\u00f3nica, correo electr\u00f3nico, texto o SMS y otros medios.<\/p>\n<p>COMPARTIR INFORMACI\u00d3N<br \/>No compartiremos sus datos personales con nadie fuera de Beachfront salvo de conformidad con la ley y seg\u00fan lo establecido en esta Pol\u00edtica. Cada uno de los pa\u00edses en los que operamos tiene diferentes leyes de privacidad. Nuestra Pol\u00edtica de Privacidad reflejar\u00e1 esas diferencias.<br \/>Sin embargo, en ocasiones podemos necesitar divulgar sus datos personales a determinados terceros.<br \/>Agentes o Contratistas de Beachfront. Es posible que necesitemos divulgar cierta informaci\u00f3n personal a nuestros Agentes o Contratistas para permitir que Beachfront procese transacciones o se comunique con usted. Cuando lo hagamos, ser\u00e1 sobre la base de que dichos agentes\/contratistas est\u00e1n obligados a mantener la informaci\u00f3n confidencial y segura, y no utilizar\u00e1n la informaci\u00f3n para ning\u00fan otro prop\u00f3sito que no sea llevar a cabo los servicios que est\u00e9n prestando para Beachfront.<br \/>Autoridades de Prevenci\u00f3n del Blanqueo de Capitales y Autoridades Reguladoras. Es posible que necesitemos conservar y divulgar cierta informaci\u00f3n sobre usted a autoridades reguladoras y a organismos apropiados para realizar comprobaciones de prevenci\u00f3n del blanqueo de capitales y sanciones comerciales y para ayudar en la prevenci\u00f3n del fraude, en particular, en cumplimiento de nuestras obligaciones AML y en relaci\u00f3n con sanciones comerciales. Divulgaremos esta informaci\u00f3n seg\u00fan lo exija la ley.<br \/>Agencias de cr\u00e9dito. Es posible que necesitemos divulgar cierta informaci\u00f3n personal sobre usted a agencias de cr\u00e9dito para realizar comprobaciones adecuadas cuando usted est\u00e9 realizando transacciones con nosotros.<br \/>Divulgaciones legales. Si bien no divulgaremos voluntariamente sus datos personales, podemos divulgar dicha informaci\u00f3n si estamos obligados a hacerlo por una orden judicial v\u00e1lida, si somos requeridos legalmente por autoridades gubernamentales o policiales, si estamos obligados a hacerlo conforme a otros procesos legales, o si se hace necesario para proteger los derechos o la propiedad de Beachfront.<\/p>\n<p>TRANSFERENCIAS Y TRATAMIENTO A NIVEL MUNDIAL<br \/>Como organizaci\u00f3n global, Beachfront puede tratar su informaci\u00f3n personal como se describe anteriormente en pa\u00edses fuera del EEE. Cada uno de estos pa\u00edses tiene diferentes leyes de privacidad que ofrecen distintos niveles de protecci\u00f3n para su informaci\u00f3n personal. Nuestra Pol\u00edtica de Privacidad refleja estas pr\u00e1cticas variables y actuaremos de conformidad con esta Pol\u00edtica en todas las jurisdicciones en las que operamos. Al proporcionar su informaci\u00f3n personal a Beachfront, usted consiente que tratemos su informaci\u00f3n personal en cualquier jurisdicci\u00f3n, de conformidad con esta Pol\u00edtica.<\/p>\n<p>CONTACTARLE<br \/>Para proporcionarle informaci\u00f3n de marketing sobre nuestros productos y servicios, podemos contactar con usted por correo electr\u00f3nico, texto, SMS u otro servicio de mensajer\u00eda, tel\u00e9fono y por correo postal. En la parte inferior de cualquier correo electr\u00f3nico de marketing tendr\u00e1 una opci\u00f3n claramente marcada para darse de baja de futuros env\u00edos. Adem\u00e1s, puede en cualquier momento enviar un correo electr\u00f3nico a office@beachfrontibiza.com solicitando que su nombre sea eliminado de nuestras listas.<\/p>\n<p>SUS DERECHOS<br \/>Usted tiene el derecho de acceder a sus datos personales, solicitar la rectificaci\u00f3n de datos inexactos, solicitar la supresi\u00f3n (\u201cderecho al olvido\u201d), solicitar la limitaci\u00f3n del tratamiento, oponerse al tratamiento, solicitar la portabilidad de los datos, retirar su consentimiento en cualquier momento y presentar una reclamaci\u00f3n ante la Autoridad Espa\u00f1ola de Protecci\u00f3n de Datos (Agencia Espa\u00f1ola de Protecci\u00f3n de Datos \u2013 AEPD). Para ejercer sus derechos, p\u00f3ngase en contacto con nosotros en office@beachfrontibiza.com<\/p>\n<p>SEGURIDAD<br \/>Adoptaremos todas las medidas razonables y apropiadas para proteger la seguridad e integridad de toda la informaci\u00f3n personal proporcionada a nuestro sitio web, o por cualquier otro medio, electr\u00f3nico o de otro tipo.<br \/>Nos aseguraremos de que sus datos personales dentro de Beachfront est\u00e9n adecuadamente protegidos contra accesos f\u00edsicos y electr\u00f3nicos no autorizados. Estas medidas incluyen un cortafuegos electr\u00f3nico y diversas otras medidas de protecci\u00f3n que implican an\u00e1lisis antivirus, instalaci\u00f3n de parches de seguridad, pruebas de vulnerabilidad, planificaci\u00f3n de copias de seguridad y recuperaci\u00f3n, formaci\u00f3n de empleados, auditor\u00edas de seguridad y otros pasos dise\u00f1ados para mejorar constantemente la postura de protecci\u00f3n de datos. Sin embargo, no podemos garantizar que la informaci\u00f3n durante la transmisi\u00f3n a trav\u00e9s de Internet o cualquier red inform\u00e1tica est\u00e9 totalmente a salvo de intrusiones no autorizadas, acceso o manipulaci\u00f3n. No asumiremos responsabilidad alguna por la divulgaci\u00f3n de informaci\u00f3n debido a errores o actos no autorizados de terceros. En cualquier caso, cuando creamos que los datos personales se han visto comprometidos, se lo notificaremos.<\/p>\n<p>SITIOS WEB DE TERCEROS<br \/>Los sitios de Beachfront contienen enlaces a otros sitios web que no son operados por Beachfront. La informaci\u00f3n que usted nos proporciona no se transmitir\u00e1 a otros sitios web. Sin embargo, estos sitios web pueden recopilar informaci\u00f3n personal sobre usted de conformidad con sus propias pol\u00edticas de privacidad. Beachfront no es responsable de las pr\u00e1cticas de privacidad ni del contenido de dichos sitios web.<\/p>\n<p>\u00bfDURANTE CU\u00c1NTO TIEMPO CONSERVAR\u00c1 BEACHFRONT MI INFORMACI\u00d3N PERSONAL?<br \/>Conservaremos su informaci\u00f3n en nuestros sistemas durante el tiempo que sea necesario para la actividad correspondiente, o durante el tiempo que se especifique en cualquier acuerdo entre usted y nosotros.<\/p>\n<p>CAMBIOS EN ESTA POL\u00cdTICA<br \/>Nos reservamos el derecho de modificar o actualizar esta Pol\u00edtica de Privacidad y cualquiera de nuestras pr\u00e1cticas de privacidad en cualquier momento. Notificaremos a los usuarios de este sitio web publicando cualquier pol\u00edtica actualizada en esta p\u00e1gina y dichos cambios ser\u00e1n efectivos de inmediato y sin previo aviso. Cuando corresponda, tambi\u00e9n podremos notificarle directamente los cambios en la Pol\u00edtica de Privacidad, ya sea por correo electr\u00f3nico o mediante un aviso destacado en nuestro sitio web.<\/p>\n<p>CONTACTO<br \/>Si tiene cualquier consulta en relaci\u00f3n con el uso y la protecci\u00f3n de sus datos personales, p\u00f3ngase en contacto con nosotros en office@beachfrontibiza.com.<br \/>[\/vc_column_text][\/vc_column][\/vc_row]<\/p>\n<\/div>","protected":false},"excerpt":{"rendered":"<p>[vc_row][vc_column][vc_column_text css=\u00bb\u00bb] BEACHFRONT POL\u00cdTICA DE PRIVACIDAD January 2026 Beachfront Development S.L. (\u201cBeachfront\u201d, \u201cnosotros\u201d, \u201cnos\u201d, o \u201cnuestro\u201d) se compromete a proteger la privacidad y los datos personales de sus clientes, socios y usuarios del sitio web, tanto corporativos como particulares; esto es de m\u00e1xima importancia y adoptamos medidas s\u00f3lidas en toda nuestra actividad para proteger la [&hellip;]<\/p>\n","protected":false},"author":1,"featured_media":0,"parent":0,"menu_order":17,"comment_status":"closed","ping_status":"open","template":"templates\/ribbon.php","meta":{"inline_featured_image":false,"footnotes":""},"class_list":["post-1120","page","type-page","status-publish","hentry"],"acf":[],"yoast_head":"<!-- This site is optimized with the Yoast SEO plugin v27.4 - https:\/\/yoast.com\/product\/yoast-seo-wordpress\/ -->\n<title>POL\u00cdTICA DE PRIVACIDAD - Beachfront Ibiza<\/title>\n<meta name=\"robots\" content=\"index, follow, max-snippet:-1, max-image-preview:large, max-video-preview:-1\" \/>\n<link rel=\"canonical\" href=\"https:\/\/www.beachfrontibiza.com\/es\/privacy-policy\/\" \/>\n<meta property=\"og:locale\" content=\"es_ES\" \/>\n<meta property=\"og:type\" content=\"article\" \/>\n<meta property=\"og:title\" content=\"POL\u00cdTICA DE PRIVACIDAD - Beachfront Ibiza\" \/>\n<meta property=\"og:description\" content=\"[vc_row][vc_column][vc_column_text css=\u00bb\u00bb] BEACHFRONT POL\u00cdTICA DE PRIVACIDAD January 2026 Beachfront Development S.L. (\u201cBeachfront\u201d, \u201cnosotros\u201d, \u201cnos\u201d, o \u201cnuestro\u201d) se compromete a proteger la privacidad y los datos personales de sus clientes, socios y usuarios del sitio web, tanto corporativos como particulares; esto es de m\u00e1xima importancia y adoptamos medidas s\u00f3lidas en toda nuestra actividad para proteger la [&hellip;]\" \/>\n<meta property=\"og:url\" content=\"https:\/\/www.beachfrontibiza.com\/es\/privacy-policy\/\" \/>\n<meta property=\"og:site_name\" content=\"Beachfront Ibiza\" \/>\n<meta property=\"article:publisher\" content=\"https:\/\/facebook.com\/beachfrontibiza\" \/>\n<meta property=\"article:modified_time\" content=\"2026-02-04T17:28:23+00:00\" \/>\n<meta property=\"og:image\" content=\"https:\/\/www.beachfrontibiza.com\/wp-content\/uploads\/2026\/03\/logo.png\" \/>\n\t<meta property=\"og:image:width\" content=\"512\" \/>\n\t<meta property=\"og:image:height\" content=\"512\" \/>\n\t<meta property=\"og:image:type\" content=\"image\/png\" \/>\n<meta name=\"twitter:card\" content=\"summary_large_image\" \/>\n<meta name=\"twitter:label1\" content=\"Tiempo de lectura\" \/>\n\t<meta name=\"twitter:data1\" content=\"11 minutos\" \/>\n<script type=\"application\/ld+json\" class=\"yoast-schema-graph\">{\"@context\":\"https:\\\/\\\/schema.org\",\"@graph\":[{\"@type\":\"WebPage\",\"@id\":\"https:\\\/\\\/www.beachfrontibiza.com\\\/es\\\/privacy-policy\\\/\",\"url\":\"https:\\\/\\\/www.beachfrontibiza.com\\\/es\\\/privacy-policy\\\/\",\"name\":\"POL\u00cdTICA DE PRIVACIDAD - Beachfront Ibiza\",\"isPartOf\":{\"@id\":\"https:\\\/\\\/www.beachfrontibiza.com\\\/#website\"},\"datePublished\":\"2025-07-03T13:25:43+00:00\",\"dateModified\":\"2026-02-04T17:28:23+00:00\",\"breadcrumb\":{\"@id\":\"https:\\\/\\\/www.beachfrontibiza.com\\\/es\\\/privacy-policy\\\/#breadcrumb\"},\"inLanguage\":\"es\",\"potentialAction\":[{\"@type\":\"ReadAction\",\"target\":[\"https:\\\/\\\/www.beachfrontibiza.com\\\/es\\\/privacy-policy\\\/\"]}]},{\"@type\":\"BreadcrumbList\",\"@id\":\"https:\\\/\\\/www.beachfrontibiza.com\\\/es\\\/privacy-policy\\\/#breadcrumb\",\"itemListElement\":[{\"@type\":\"ListItem\",\"position\":1,\"name\":\"Home\",\"item\":\"https:\\\/\\\/www.beachfrontibiza.com\\\/es\\\/homepage\\\/\"},{\"@type\":\"ListItem\",\"position\":2,\"name\":\"POL\u00cdTICA DE PRIVACIDAD\"}]},{\"@type\":\"WebSite\",\"@id\":\"https:\\\/\\\/www.beachfrontibiza.com\\\/#website\",\"url\":\"https:\\\/\\\/www.beachfrontibiza.com\\\/\",\"name\":\"Beachfront Ibiza\",\"description\":\"real estate ibiza\",\"publisher\":{\"@id\":\"https:\\\/\\\/www.beachfrontibiza.com\\\/#organization\"},\"alternateName\":\"b\",\"potentialAction\":[{\"@type\":\"SearchAction\",\"target\":{\"@type\":\"EntryPoint\",\"urlTemplate\":\"https:\\\/\\\/www.beachfrontibiza.com\\\/?s={search_term_string}\"},\"query-input\":{\"@type\":\"PropertyValueSpecification\",\"valueRequired\":true,\"valueName\":\"search_term_string\"}}],\"inLanguage\":\"es\"},{\"@type\":\"Organization\",\"@id\":\"https:\\\/\\\/www.beachfrontibiza.com\\\/#organization\",\"name\":\"Beachfront Ibiza\",\"url\":\"https:\\\/\\\/www.beachfrontibiza.com\\\/\",\"logo\":{\"@type\":\"ImageObject\",\"inLanguage\":\"es\",\"@id\":\"https:\\\/\\\/www.beachfrontibiza.com\\\/#\\\/schema\\\/logo\\\/image\\\/\",\"url\":\"https:\\\/\\\/www.beachfrontibiza.com\\\/wp-content\\\/uploads\\\/2026\\\/03\\\/logo.png\",\"contentUrl\":\"https:\\\/\\\/www.beachfrontibiza.com\\\/wp-content\\\/uploads\\\/2026\\\/03\\\/logo.png\",\"width\":512,\"height\":512,\"caption\":\"Beachfront Ibiza\"},\"image\":{\"@id\":\"https:\\\/\\\/www.beachfrontibiza.com\\\/#\\\/schema\\\/logo\\\/image\\\/\"},\"sameAs\":[\"https:\\\/\\\/facebook.com\\\/beachfrontibiza\",\"https:\\\/\\\/www.instagram.com\\\/beachfront_ibiza\\\/\",\"https:\\\/\\\/uk.pinterest.com\\\/beachfrontibiza\\\/_created\\\/\",\"https:\\\/\\\/www.tiktok.com\\\/@beachfront.ibiza?lang=en\"]}]}<\/script>\n<!-- \/ Yoast SEO plugin. -->","yoast_head_json":{"title":"POL\u00cdTICA DE PRIVACIDAD - Beachfront Ibiza","robots":{"index":"index","follow":"follow","max-snippet":"max-snippet:-1","max-image-preview":"max-image-preview:large","max-video-preview":"max-video-preview:-1"},"canonical":"https:\/\/www.beachfrontibiza.com\/es\/privacy-policy\/","og_locale":"es_ES","og_type":"article","og_title":"POL\u00cdTICA DE PRIVACIDAD - Beachfront Ibiza","og_description":"[vc_row][vc_column][vc_column_text css=\u00bb\u00bb] BEACHFRONT POL\u00cdTICA DE PRIVACIDAD January 2026 Beachfront Development S.L. (\u201cBeachfront\u201d, \u201cnosotros\u201d, \u201cnos\u201d, o \u201cnuestro\u201d) se compromete a proteger la privacidad y los datos personales de sus clientes, socios y usuarios del sitio web, tanto corporativos como particulares; esto es de m\u00e1xima importancia y adoptamos medidas s\u00f3lidas en toda nuestra actividad para proteger la [&hellip;]","og_url":"https:\/\/www.beachfrontibiza.com\/es\/privacy-policy\/","og_site_name":"Beachfront Ibiza","article_publisher":"https:\/\/facebook.com\/beachfrontibiza","article_modified_time":"2026-02-04T17:28:23+00:00","og_image":[{"width":512,"height":512,"url":"https:\/\/www.beachfrontibiza.com\/wp-content\/uploads\/2026\/03\/logo.png","type":"image\/png"}],"twitter_card":"summary_large_image","twitter_misc":{"Tiempo de lectura":"11 minutos"},"schema":{"@context":"https:\/\/schema.org","@graph":[{"@type":"WebPage","@id":"https:\/\/www.beachfrontibiza.com\/es\/privacy-policy\/","url":"https:\/\/www.beachfrontibiza.com\/es\/privacy-policy\/","name":"POL\u00cdTICA DE PRIVACIDAD - Beachfront Ibiza","isPartOf":{"@id":"https:\/\/www.beachfrontibiza.com\/#website"},"datePublished":"2025-07-03T13:25:43+00:00","dateModified":"2026-02-04T17:28:23+00:00","breadcrumb":{"@id":"https:\/\/www.beachfrontibiza.com\/es\/privacy-policy\/#breadcrumb"},"inLanguage":"es","potentialAction":[{"@type":"ReadAction","target":["https:\/\/www.beachfrontibiza.com\/es\/privacy-policy\/"]}]},{"@type":"BreadcrumbList","@id":"https:\/\/www.beachfrontibiza.com\/es\/privacy-policy\/#breadcrumb","itemListElement":[{"@type":"ListItem","position":1,"name":"Home","item":"https:\/\/www.beachfrontibiza.com\/es\/homepage\/"},{"@type":"ListItem","position":2,"name":"POL\u00cdTICA DE PRIVACIDAD"}]},{"@type":"WebSite","@id":"https:\/\/www.beachfrontibiza.com\/#website","url":"https:\/\/www.beachfrontibiza.com\/","name":"Beachfront Ibiza","description":"real estate ibiza","publisher":{"@id":"https:\/\/www.beachfrontibiza.com\/#organization"},"alternateName":"b","potentialAction":[{"@type":"SearchAction","target":{"@type":"EntryPoint","urlTemplate":"https:\/\/www.beachfrontibiza.com\/?s={search_term_string}"},"query-input":{"@type":"PropertyValueSpecification","valueRequired":true,"valueName":"search_term_string"}}],"inLanguage":"es"},{"@type":"Organization","@id":"https:\/\/www.beachfrontibiza.com\/#organization","name":"Beachfront Ibiza","url":"https:\/\/www.beachfrontibiza.com\/","logo":{"@type":"ImageObject","inLanguage":"es","@id":"https:\/\/www.beachfrontibiza.com\/#\/schema\/logo\/image\/","url":"https:\/\/www.beachfrontibiza.com\/wp-content\/uploads\/2026\/03\/logo.png","contentUrl":"https:\/\/www.beachfrontibiza.com\/wp-content\/uploads\/2026\/03\/logo.png","width":512,"height":512,"caption":"Beachfront Ibiza"},"image":{"@id":"https:\/\/www.beachfrontibiza.com\/#\/schema\/logo\/image\/"},"sameAs":["https:\/\/facebook.com\/beachfrontibiza","https:\/\/www.instagram.com\/beachfront_ibiza\/","https:\/\/uk.pinterest.com\/beachfrontibiza\/_created\/","https:\/\/www.tiktok.com\/@beachfront.ibiza?lang=en"]}]}},"jetpack_sharing_enabled":true,"_links":{"self":[{"href":"https:\/\/www.beachfrontibiza.com\/es\/wp-json\/wp\/v2\/pages\/1120","targetHints":{"allow":["GET"]}}],"collection":[{"href":"https:\/\/www.beachfrontibiza.com\/es\/wp-json\/wp\/v2\/pages"}],"about":[{"href":"https:\/\/www.beachfrontibiza.com\/es\/wp-json\/wp\/v2\/types\/page"}],"author":[{"embeddable":true,"href":"https:\/\/www.beachfrontibiza.com\/es\/wp-json\/wp\/v2\/users\/1"}],"replies":[{"embeddable":true,"href":"https:\/\/www.beachfrontibiza.com\/es\/wp-json\/wp\/v2\/comments?post=1120"}],"version-history":[{"count":11,"href":"https:\/\/www.beachfrontibiza.com\/es\/wp-json\/wp\/v2\/pages\/1120\/revisions"}],"predecessor-version":[{"id":6197,"href":"https:\/\/www.beachfrontibiza.com\/es\/wp-json\/wp\/v2\/pages\/1120\/revisions\/6197"}],"wp:attachment":[{"href":"https:\/\/www.beachfrontibiza.com\/es\/wp-json\/wp\/v2\/media?parent=1120"}],"curies":[{"name":"wp","href":"https:\/\/api.w.org\/{rel}","templated":true}]}}