{"id":2181,"date":"2025-11-04T14:35:10","date_gmt":"2025-11-04T14:35:10","guid":{"rendered":"https:\/\/trigger.agency\/clients\/beach\/imprint\/"},"modified":"2026-02-04T17:12:27","modified_gmt":"2026-02-04T17:12:27","slug":"imprimir","status":"publish","type":"page","link":"https:\/\/www.beachfrontibiza.com\/es\/imprimir\/","title":{"rendered":"Aviso legal"},"content":{"rendered":"<div class=\"wpb-content-wrapper\"><p>[vc_row][vc_column][vc_column_text css=\u00bb.vc_custom_1769590908133{margin-right: 300px !important;margin-left: 300px !important;}\u00bb]<\/p>\n<h3 style=\"text-align: center;\">BEACHFRONT<\/h3>\n<p><\/p>\n<h1 class=\"uppercase\" style=\"text-align: center;\"><span data-text-color=\"primary\">AVISO LEGAL \/ IMPRESSUM<\/span><\/h1>\n<p style=\"text-align: center;\"><span style=\"font-size: 24px;\"><strong>Nombre de la empresa:<\/strong><\/span><br \/>\nBeachfront Development S.L.<\/p>\n<p style=\"text-align: center;\"><span style=\"font-size: 24px;\"><strong>Forma jur\u00eddica:<\/strong><\/span><br \/>\nSociedad Limitada (S.L.)<\/p>\n<p style=\"text-align: center;\"><span style=\"font-size: 24px;\"><strong>Domicilio social:<\/strong><\/span><br \/>\nCalle de les Estrelles, 10<br \/>\n07840 Santa Eul\u00e0ria des Riu<br \/>\nIbiza, Islas Baleares<br \/>\nEspa\u00f1a<\/p>\n<p style=\"text-align: center;\"><span style=\"font-size: 24px;\"><strong>N\u00famero fiscal \/ IVA:<\/strong><\/span><br \/>\nB16562506<\/p>\n<p style=\"text-align: center;\"><span style=\"font-size: 24px;\"><strong>Registro Mercantil:<\/strong><\/span><br \/>\nInscrita en el Registro Mercantil de Ibiza<br \/>\nTomo 329, Libro 327, Folio 202, Secci\u00f3n 8, Hoja IB-15271<\/p>\n<p style=\"text-align: center;\"><span style=\"font-size: 24px;\"><strong>Administrador:<\/strong><\/span><br \/>\nNicolaus Helletzgruber<\/p>\n<p style=\"text-align: center;\"><strong><span style=\"font-size: 24px;\">Contacto<\/span><\/strong><\/p>\n<p style=\"text-align: center;\">Correo electr\u00f3nico:<br \/>\noffice@beachfrontibiza.com<\/p>\n<p style=\"text-align: center;\">Sitio web:<br \/>\nwww.beachfrontibiza.com<\/p>\n<p style=\"text-align: center;\"><span style=\"font-size: 24px;\"><strong>Actividad empresarial<\/strong><\/span><\/p>\n<p style=\"text-align: center;\">Beachfront Development S.L. desarrolla actividades de promoci\u00f3n inmobiliaria, construcci\u00f3n, gesti\u00f3n de propiedades, as\u00ed como servicios de asesoramiento y actividades comerciales relacionadas.<\/p>\n<p style=\"text-align: center;\"><span style=\"font-size: 24px;\"><strong>Responsabilidad por los contenidos<\/strong><\/span><\/p>\n<p style=\"text-align: center;\">Los contenidos de este sitio web han sido elaborados con la m\u00e1xima diligencia. No obstante, Beachfront Development S.L. no garantiza la exactitud, integridad ni actualidad de la informaci\u00f3n proporcionada. Quedan excluidas las reclamaciones de responsabilidad contra Beachfront Development S.L. por da\u00f1os materiales o inmateriales derivados del uso o no uso de la informaci\u00f3n ofrecida, salvo en caso de actuaci\u00f3n dolosa o negligencia grave debidamente probada.<\/p>\n<p style=\"text-align: center;\"><strong><span style=\"font-size: 24px;\">Responsabilidad por enlaces externos<\/span><\/strong><\/p>\n<p style=\"text-align: center;\">Este sitio web puede contener enlaces a p\u00e1ginas web externas de terceros sobre las cuales Beachfront Development S.L. no tiene control alguno. Por ello, no asumimos responsabilidad alguna por contenidos externos. El responsable del contenido de las p\u00e1ginas enlazadas ser\u00e1 siempre el proveedor u operador correspondiente.<\/p>\n<p style=\"text-align: center;\"><span style=\"font-size: 24px;\"><strong>Propiedad intelectual<\/strong><\/span><\/p>\n<p style=\"text-align: center;\">Todos los contenidos, im\u00e1genes, textos, gr\u00e1ficos y elementos de dise\u00f1o de este sitio web est\u00e1n protegidos por derechos de autor y normativa sobre propiedad intelectual. Cualquier reproducci\u00f3n, distribuci\u00f3n o uso fuera de los l\u00edmites permitidos por la ley requerir\u00e1 el consentimiento previo y por escrito de Beachfront Development S.L.<\/p>\n<p style=\"text-align: center;\"><span style=\"font-size: 24px;\"><strong>Legislaci\u00f3n aplicable<\/strong><\/span><\/p>\n<p style=\"text-align: center;\">El presente aviso legal se rige por la legislaci\u00f3n espa\u00f1ola. El fuero aplicable ser\u00e1 Espa\u00f1a, en la medida en que la ley lo permita.<\/p>\n<p>\n[\/vc_column_text][\/vc_column][\/vc_row]<\/p>\n<\/div>","protected":false},"excerpt":{"rendered":"<p>[vc_row][vc_column][vc_column_text css=\u00bb.vc_custom_1769590908133{margin-right: 300px !important;margin-left: 300px !important;}\u00bb] BEACHFRONT AVISO LEGAL \/ IMPRESSUM Nombre de la empresa: Beachfront Development S.L. Forma jur\u00eddica: Sociedad Limitada (S.L.) Domicilio social: Calle de les Estrelles, 10 07840 Santa Eul\u00e0ria des Riu Ibiza, Islas Baleares Espa\u00f1a N\u00famero fiscal \/ IVA: B16562506 Registro Mercantil: Inscrita en el Registro Mercantil de Ibiza Tomo 329, [&hellip;]<\/p>\n","protected":false},"author":1,"featured_media":0,"parent":0,"menu_order":4,"comment_status":"closed","ping_status":"closed","template":"","meta":{"inline_featured_image":false,"footnotes":""},"class_list":["post-2181","page","type-page","status-publish","hentry"],"acf":[],"yoast_head":"<!-- This site is optimized with the Yoast SEO plugin v27.4 - https:\/\/yoast.com\/product\/yoast-seo-wordpress\/ -->\n<title>Aviso legal - Beachfront Ibiza<\/title>\n<meta name=\"robots\" content=\"index, follow, max-snippet:-1, max-image-preview:large, max-video-preview:-1\" \/>\n<link rel=\"canonical\" href=\"https:\/\/www.beachfrontibiza.com\/es\/imprimir\/\" \/>\n<meta property=\"og:locale\" content=\"es_ES\" \/>\n<meta property=\"og:type\" content=\"article\" \/>\n<meta property=\"og:title\" content=\"Aviso legal - Beachfront Ibiza\" \/>\n<meta property=\"og:description\" content=\"[vc_row][vc_column][vc_column_text css=\u00bb.vc_custom_1769590908133{margin-right: 300px !important;margin-left: 300px !important;}\u00bb] BEACHFRONT AVISO LEGAL \/ IMPRESSUM Nombre de la empresa: Beachfront Development S.L. Forma jur\u00eddica: Sociedad Limitada (S.L.) Domicilio social: Calle de les Estrelles, 10 07840 Santa Eul\u00e0ria des Riu Ibiza, Islas Baleares Espa\u00f1a N\u00famero fiscal \/ IVA: B16562506 Registro Mercantil: Inscrita en el Registro Mercantil de Ibiza Tomo 329, [&hellip;]\" \/>\n<meta property=\"og:url\" content=\"https:\/\/www.beachfrontibiza.com\/es\/imprimir\/\" \/>\n<meta property=\"og:site_name\" content=\"Beachfront Ibiza\" \/>\n<meta property=\"article:publisher\" content=\"https:\/\/facebook.com\/beachfrontibiza\" \/>\n<meta property=\"article:modified_time\" content=\"2026-02-04T17:12:27+00:00\" \/>\n<meta property=\"og:image\" content=\"https:\/\/www.beachfrontibiza.com\/wp-content\/uploads\/2026\/03\/logo.png\" \/>\n\t<meta property=\"og:image:width\" content=\"512\" \/>\n\t<meta property=\"og:image:height\" content=\"512\" \/>\n\t<meta property=\"og:image:type\" content=\"image\/png\" \/>\n<meta name=\"twitter:card\" content=\"summary_large_image\" \/>\n<meta name=\"twitter:label1\" content=\"Tiempo de lectura\" \/>\n\t<meta name=\"twitter:data1\" content=\"2 minutos\" \/>\n<script type=\"application\/ld+json\" class=\"yoast-schema-graph\">{\"@context\":\"https:\\\/\\\/schema.org\",\"@graph\":[{\"@type\":\"WebPage\",\"@id\":\"https:\\\/\\\/www.beachfrontibiza.com\\\/es\\\/imprimir\\\/\",\"url\":\"https:\\\/\\\/www.beachfrontibiza.com\\\/es\\\/imprimir\\\/\",\"name\":\"Aviso legal - Beachfront Ibiza\",\"isPartOf\":{\"@id\":\"https:\\\/\\\/www.beachfrontibiza.com\\\/#website\"},\"datePublished\":\"2025-11-04T14:35:10+00:00\",\"dateModified\":\"2026-02-04T17:12:27+00:00\",\"breadcrumb\":{\"@id\":\"https:\\\/\\\/www.beachfrontibiza.com\\\/es\\\/imprimir\\\/#breadcrumb\"},\"inLanguage\":\"es\",\"potentialAction\":[{\"@type\":\"ReadAction\",\"target\":[\"https:\\\/\\\/www.beachfrontibiza.com\\\/es\\\/imprimir\\\/\"]}]},{\"@type\":\"BreadcrumbList\",\"@id\":\"https:\\\/\\\/www.beachfrontibiza.com\\\/es\\\/imprimir\\\/#breadcrumb\",\"itemListElement\":[{\"@type\":\"ListItem\",\"position\":1,\"name\":\"Home\",\"item\":\"https:\\\/\\\/www.beachfrontibiza.com\\\/es\\\/homepage\\\/\"},{\"@type\":\"ListItem\",\"position\":2,\"name\":\"Aviso legal\"}]},{\"@type\":\"WebSite\",\"@id\":\"https:\\\/\\\/www.beachfrontibiza.com\\\/#website\",\"url\":\"https:\\\/\\\/www.beachfrontibiza.com\\\/\",\"name\":\"Beachfront Ibiza\",\"description\":\"real estate ibiza\",\"publisher\":{\"@id\":\"https:\\\/\\\/www.beachfrontibiza.com\\\/#organization\"},\"alternateName\":\"b\",\"potentialAction\":[{\"@type\":\"SearchAction\",\"target\":{\"@type\":\"EntryPoint\",\"urlTemplate\":\"https:\\\/\\\/www.beachfrontibiza.com\\\/?s={search_term_string}\"},\"query-input\":{\"@type\":\"PropertyValueSpecification\",\"valueRequired\":true,\"valueName\":\"search_term_string\"}}],\"inLanguage\":\"es\"},{\"@type\":\"Organization\",\"@id\":\"https:\\\/\\\/www.beachfrontibiza.com\\\/#organization\",\"name\":\"Beachfront Ibiza\",\"url\":\"https:\\\/\\\/www.beachfrontibiza.com\\\/\",\"logo\":{\"@type\":\"ImageObject\",\"inLanguage\":\"es\",\"@id\":\"https:\\\/\\\/www.beachfrontibiza.com\\\/#\\\/schema\\\/logo\\\/image\\\/\",\"url\":\"https:\\\/\\\/www.beachfrontibiza.com\\\/wp-content\\\/uploads\\\/2026\\\/03\\\/logo.png\",\"contentUrl\":\"https:\\\/\\\/www.beachfrontibiza.com\\\/wp-content\\\/uploads\\\/2026\\\/03\\\/logo.png\",\"width\":512,\"height\":512,\"caption\":\"Beachfront Ibiza\"},\"image\":{\"@id\":\"https:\\\/\\\/www.beachfrontibiza.com\\\/#\\\/schema\\\/logo\\\/image\\\/\"},\"sameAs\":[\"https:\\\/\\\/facebook.com\\\/beachfrontibiza\",\"https:\\\/\\\/www.instagram.com\\\/beachfront_ibiza\\\/\",\"https:\\\/\\\/uk.pinterest.com\\\/beachfrontibiza\\\/_created\\\/\",\"https:\\\/\\\/www.tiktok.com\\\/@beachfront.ibiza?lang=en\"]}]}<\/script>\n<!-- \/ Yoast SEO plugin. -->","yoast_head_json":{"title":"Aviso legal - Beachfront Ibiza","robots":{"index":"index","follow":"follow","max-snippet":"max-snippet:-1","max-image-preview":"max-image-preview:large","max-video-preview":"max-video-preview:-1"},"canonical":"https:\/\/www.beachfrontibiza.com\/es\/imprimir\/","og_locale":"es_ES","og_type":"article","og_title":"Aviso legal - Beachfront Ibiza","og_description":"[vc_row][vc_column][vc_column_text css=\u00bb.vc_custom_1769590908133{margin-right: 300px !important;margin-left: 300px !important;}\u00bb] BEACHFRONT AVISO LEGAL \/ IMPRESSUM Nombre de la empresa: Beachfront Development S.L. Forma jur\u00eddica: Sociedad Limitada (S.L.) Domicilio social: Calle de les Estrelles, 10 07840 Santa Eul\u00e0ria des Riu Ibiza, Islas Baleares Espa\u00f1a N\u00famero fiscal \/ IVA: B16562506 Registro Mercantil: Inscrita en el Registro Mercantil de Ibiza Tomo 329, [&hellip;]","og_url":"https:\/\/www.beachfrontibiza.com\/es\/imprimir\/","og_site_name":"Beachfront Ibiza","article_publisher":"https:\/\/facebook.com\/beachfrontibiza","article_modified_time":"2026-02-04T17:12:27+00:00","og_image":[{"width":512,"height":512,"url":"https:\/\/www.beachfrontibiza.com\/wp-content\/uploads\/2026\/03\/logo.png","type":"image\/png"}],"twitter_card":"summary_large_image","twitter_misc":{"Tiempo de lectura":"2 minutos"},"schema":{"@context":"https:\/\/schema.org","@graph":[{"@type":"WebPage","@id":"https:\/\/www.beachfrontibiza.com\/es\/imprimir\/","url":"https:\/\/www.beachfrontibiza.com\/es\/imprimir\/","name":"Aviso legal - Beachfront Ibiza","isPartOf":{"@id":"https:\/\/www.beachfrontibiza.com\/#website"},"datePublished":"2025-11-04T14:35:10+00:00","dateModified":"2026-02-04T17:12:27+00:00","breadcrumb":{"@id":"https:\/\/www.beachfrontibiza.com\/es\/imprimir\/#breadcrumb"},"inLanguage":"es","potentialAction":[{"@type":"ReadAction","target":["https:\/\/www.beachfrontibiza.com\/es\/imprimir\/"]}]},{"@type":"BreadcrumbList","@id":"https:\/\/www.beachfrontibiza.com\/es\/imprimir\/#breadcrumb","itemListElement":[{"@type":"ListItem","position":1,"name":"Home","item":"https:\/\/www.beachfrontibiza.com\/es\/homepage\/"},{"@type":"ListItem","position":2,"name":"Aviso legal"}]},{"@type":"WebSite","@id":"https:\/\/www.beachfrontibiza.com\/#website","url":"https:\/\/www.beachfrontibiza.com\/","name":"Beachfront Ibiza","description":"real estate ibiza","publisher":{"@id":"https:\/\/www.beachfrontibiza.com\/#organization"},"alternateName":"b","potentialAction":[{"@type":"SearchAction","target":{"@type":"EntryPoint","urlTemplate":"https:\/\/www.beachfrontibiza.com\/?s={search_term_string}"},"query-input":{"@type":"PropertyValueSpecification","valueRequired":true,"valueName":"search_term_string"}}],"inLanguage":"es"},{"@type":"Organization","@id":"https:\/\/www.beachfrontibiza.com\/#organization","name":"Beachfront Ibiza","url":"https:\/\/www.beachfrontibiza.com\/","logo":{"@type":"ImageObject","inLanguage":"es","@id":"https:\/\/www.beachfrontibiza.com\/#\/schema\/logo\/image\/","url":"https:\/\/www.beachfrontibiza.com\/wp-content\/uploads\/2026\/03\/logo.png","contentUrl":"https:\/\/www.beachfrontibiza.com\/wp-content\/uploads\/2026\/03\/logo.png","width":512,"height":512,"caption":"Beachfront Ibiza"},"image":{"@id":"https:\/\/www.beachfrontibiza.com\/#\/schema\/logo\/image\/"},"sameAs":["https:\/\/facebook.com\/beachfrontibiza","https:\/\/www.instagram.com\/beachfront_ibiza\/","https:\/\/uk.pinterest.com\/beachfrontibiza\/_created\/","https:\/\/www.tiktok.com\/@beachfront.ibiza?lang=en"]}]}},"jetpack_sharing_enabled":true,"_links":{"self":[{"href":"https:\/\/www.beachfrontibiza.com\/es\/wp-json\/wp\/v2\/pages\/2181","targetHints":{"allow":["GET"]}}],"collection":[{"href":"https:\/\/www.beachfrontibiza.com\/es\/wp-json\/wp\/v2\/pages"}],"about":[{"href":"https:\/\/www.beachfrontibiza.com\/es\/wp-json\/wp\/v2\/types\/page"}],"author":[{"embeddable":true,"href":"https:\/\/www.beachfrontibiza.com\/es\/wp-json\/wp\/v2\/users\/1"}],"replies":[{"embeddable":true,"href":"https:\/\/www.beachfrontibiza.com\/es\/wp-json\/wp\/v2\/comments?post=2181"}],"version-history":[{"count":8,"href":"https:\/\/www.beachfrontibiza.com\/es\/wp-json\/wp\/v2\/pages\/2181\/revisions"}],"predecessor-version":[{"id":6179,"href":"https:\/\/www.beachfrontibiza.com\/es\/wp-json\/wp\/v2\/pages\/2181\/revisions\/6179"}],"wp:attachment":[{"href":"https:\/\/www.beachfrontibiza.com\/es\/wp-json\/wp\/v2\/media?parent=2181"}],"curies":[{"name":"wp","href":"https:\/\/api.w.org\/{rel}","templated":true}]}}